{"id":8002,"date":"2021-03-01T18:57:49","date_gmt":"2021-03-01T18:57:49","guid":{"rendered":"https:\/\/olalina-trans.md\/index.php\/adr-transport-marfuri-periculoase\/"},"modified":"2022-04-28T13:23:05","modified_gmt":"2022-04-28T11:23:05","slug":"adr-transport-marfuri-periculoase","status":"publish","type":"page","link":"https:\/\/olalina-trans.md\/index.php\/adr-transport-marfuri-periculoase\/?lang=de","title":{"rendered":"Bef\u00f6rderung gef\u00e4hrlicher G\u00fcter (ADR)"},"content":{"rendered":"<style type=\"text\/css\"> \n#cmsmasters_row_69dfcb7f812682_03335684 .cmsmasters_row_outer_parent { \n\tpadding-top: 0px; \n} \n\n#cmsmasters_row_69dfcb7f812682_03335684 .cmsmasters_row_outer_parent { \n\tpadding-bottom: 10px; \n} \n\n \n#cmsmasters_heading_69dfcb7f8147f4_47569542 { \n\ttext-align:left; \n\tmargin-top:0px; \n\tmargin-bottom:0px; \n} \n\n#cmsmasters_heading_69dfcb7f8147f4_47569542 .cmsmasters_heading { \n\ttext-align:left; \n} \n\n#cmsmasters_heading_69dfcb7f8147f4_47569542 .cmsmasters_heading, #cmsmasters_heading_69dfcb7f8147f4_47569542 .cmsmasters_heading a { \n\tfont-family:'Roboto Condensed'; \n\tfont-size:18px; \n\tline-height:24px; \n\tfont-weight:600; \n\tfont-style:normal; \n\tcolor:#a8a8a8;\n} \n\n#cmsmasters_heading_69dfcb7f8147f4_47569542 .cmsmasters_heading_divider { \n} \n\n \n#cmsmasters_heading_69dfcb7f814e89_92655859 { \n\ttext-align:left; \n\tmargin-top:0px; \n\tmargin-bottom:20px; \n} \n\n#cmsmasters_heading_69dfcb7f814e89_92655859 .cmsmasters_heading { \n\ttext-align:left; \n} \n\n#cmsmasters_heading_69dfcb7f814e89_92655859 .cmsmasters_heading, #cmsmasters_heading_69dfcb7f814e89_92655859 .cmsmasters_heading a { \n\tfont-size:28px; \n\tfont-weight:600; \n\tfont-style:normal; \n} \n\n#cmsmasters_heading_69dfcb7f814e89_92655859 .cmsmasters_heading_divider { \n} \n\n \n#cmsmasters_divider_69dfcb7f8153b5_40069686 { \n\tborder-bottom-width:1px; \n\tborder-bottom-style:solid; \n\tpadding-top:0px; \n\tmargin-bottom:40px; \n} \n \n#cmsmasters_row_69dfcb7f817853_30674261 .cmsmasters_row_outer_parent { \n\tpadding-top: 0px; \n} \n\n#cmsmasters_row_69dfcb7f817853_30674261 .cmsmasters_row_outer_parent { \n\tpadding-bottom: 10px; \n} \n\n \n#cmsmasters_row_69dfcb7f823539_68064582 .cmsmasters_row_outer_parent { \n\tpadding-top: 0px; \n} \n\n#cmsmasters_row_69dfcb7f823539_68064582 .cmsmasters_row_outer_parent { \n\tpadding-bottom: 40px; \n} \n\n \n#cmsmasters_row_69dfcb7f8271e0_89613806 .cmsmasters_row_outer_parent { \n\tpadding-top: 0px; \n} \n\n#cmsmasters_row_69dfcb7f8271e0_89613806 .cmsmasters_row_outer_parent { \n\tpadding-bottom: 0px; \n} \n\n \n#cmsmasters_divider_69dfcb7f829e13_94035141 { \n\tborder-bottom-width:1px; \n\tborder-bottom-style:solid; \n\tpadding-top:0px; \n\tmargin-bottom:40px; \n} \n \n#cmsmasters_row_69dfcb7f82a5d6_54426146 .cmsmasters_row_outer_parent { \n\tpadding-bottom: 50px; \n} \n\n \n#cmsmasters_icon_box_69dfcb7f82c868_18979873 { \n\tborder-width:1px; \n\tbackground-color:#fcfcfc;\n\tborder-color:#e4e4e4;\n} \n\n#cmsmasters_icon_box_69dfcb7f82c868_18979873:before, \n#cmsmasters_icon_box_69dfcb7f82c868_18979873 .icon_box_heading:before { \n\tfont-size:30px; \n\tline-height:60px; \n\twidth:60px; \n\theight:60px; \n\tborder-width:0px; \n\t-webkit-border-radius:50%; \n\tborder-radius:50%; \n\tcolor:#ffffff;\n\tbackground-color:#f02830;\n} \n\n#cmsmasters_icon_box_69dfcb7f82c868_18979873.cmsmasters_icon_heading_left, \n#cmsmasters_icon_box_69dfcb7f82c868_18979873.cmsmasters_icon_top, \n#cmsmasters_icon_box_69dfcb7f82c868_18979873.cmsmasters_icon_box_left_top { \n\tpadding:30px 20px; } \n\n#cmsmasters_icon_box_69dfcb7f82c868_18979873.cmsmasters_icon_top:before { \n\ttop:30px;} \n\n#cmsmasters_icon_box_69dfcb7f82c868_18979873.cmsmasters_icon_box_left, \n#cmsmasters_icon_box_69dfcb7f82c868_18979873.cmsmasters_icon_box_left_top { \n\tpadding-left:60px; \n\tmargin-left:30px; \n\t} \n\n#cmsmasters_icon_box_69dfcb7f82c868_18979873.cmsmasters_icon_box_left:before, \n#cmsmasters_icon_box_69dfcb7f82c868_18979873.cmsmasters_icon_box_left_top:before { \n\tleft:-30px; \n\t} \n\n#cmsmasters_icon_box_69dfcb7f82c868_18979873.cmsmasters_icon_box_left_top { \n\tpadding-top:30px; \n\tmargin-top:60px; \n\t} \n\n#cmsmasters_icon_box_69dfcb7f82c868_18979873.cmsmasters_icon_box_left_top:before { \n\tmargin-top:-30px; \n\t} \n\n \n#cmsmasters_divider_69dfcb7f82d367_73078249 { \n\tborder-bottom-width:0px; \n\tborder-bottom-style:solid; \n\tpadding-top:0px; \n\tmargin-bottom:40px; \n} \n \n#cmsmasters_icon_box_69dfcb7f82d914_23558192 { \n\tborder-width:1px; \n\tbackground-color:#fcfcfc;\n\tborder-color:#e4e4e4;\n} \n\n#cmsmasters_icon_box_69dfcb7f82d914_23558192:before, \n#cmsmasters_icon_box_69dfcb7f82d914_23558192 .icon_box_heading:before { \n\tfont-size:30px; \n\tline-height:60px; \n\twidth:60px; \n\theight:60px; \n\tborder-width:0px; \n\t-webkit-border-radius:50%; \n\tborder-radius:50%; \n\tcolor:#ffffff;\n\tbackground-color:#f02830;\n} \n\n#cmsmasters_icon_box_69dfcb7f82d914_23558192.cmsmasters_icon_heading_left, \n#cmsmasters_icon_box_69dfcb7f82d914_23558192.cmsmasters_icon_top, \n#cmsmasters_icon_box_69dfcb7f82d914_23558192.cmsmasters_icon_box_left_top { \n\tpadding:30px 20px; } \n\n#cmsmasters_icon_box_69dfcb7f82d914_23558192.cmsmasters_icon_top:before { \n\ttop:30px;} \n\n#cmsmasters_icon_box_69dfcb7f82d914_23558192.cmsmasters_icon_box_left, \n#cmsmasters_icon_box_69dfcb7f82d914_23558192.cmsmasters_icon_box_left_top { \n\tpadding-left:60px; \n\tmargin-left:30px; \n\t} \n\n#cmsmasters_icon_box_69dfcb7f82d914_23558192.cmsmasters_icon_box_left:before, \n#cmsmasters_icon_box_69dfcb7f82d914_23558192.cmsmasters_icon_box_left_top:before { \n\tleft:-30px; \n\t} \n\n#cmsmasters_icon_box_69dfcb7f82d914_23558192.cmsmasters_icon_box_left_top { \n\tpadding-top:30px; \n\tmargin-top:60px; \n\t} \n\n#cmsmasters_icon_box_69dfcb7f82d914_23558192.cmsmasters_icon_box_left_top:before { \n\tmargin-top:-30px; \n\t} \n\n \n#cmsmasters_icon_box_69dfcb7f82ee63_79010886 { \n\tborder-width:1px; \n\tbackground-color:#fcfcfc;\n\tborder-color:#e4e4e4;\n} \n\n#cmsmasters_icon_box_69dfcb7f82ee63_79010886:before, \n#cmsmasters_icon_box_69dfcb7f82ee63_79010886 .icon_box_heading:before { \n\tfont-size:30px; \n\tline-height:60px; \n\twidth:60px; \n\theight:60px; \n\tborder-width:0px; \n\t-webkit-border-radius:50%; \n\tborder-radius:50%; \n} \n\n#cmsmasters_icon_box_69dfcb7f82ee63_79010886.cmsmasters_icon_heading_left, \n#cmsmasters_icon_box_69dfcb7f82ee63_79010886.cmsmasters_icon_top, \n#cmsmasters_icon_box_69dfcb7f82ee63_79010886.cmsmasters_icon_box_left_top { \n\tpadding:30px 20px; } \n\n#cmsmasters_icon_box_69dfcb7f82ee63_79010886.cmsmasters_icon_top:before { \n\ttop:30px;} \n\n#cmsmasters_icon_box_69dfcb7f82ee63_79010886.cmsmasters_icon_box_left, \n#cmsmasters_icon_box_69dfcb7f82ee63_79010886.cmsmasters_icon_box_left_top { \n\tpadding-left:60px; \n\tmargin-left:30px; \n\t} \n\n#cmsmasters_icon_box_69dfcb7f82ee63_79010886.cmsmasters_icon_box_left:before, \n#cmsmasters_icon_box_69dfcb7f82ee63_79010886.cmsmasters_icon_box_left_top:before { \n\tleft:-30px; \n\t} \n\n#cmsmasters_icon_box_69dfcb7f82ee63_79010886.cmsmasters_icon_box_left_top { \n\tpadding-top:30px; \n\tmargin-top:60px; \n\t} \n\n#cmsmasters_icon_box_69dfcb7f82ee63_79010886.cmsmasters_icon_box_left_top:before { \n\tmargin-top:-30px; \n\t} \n\n \n#cmsmasters_divider_69dfcb7f82f902_20729091 { \n\tborder-bottom-width:0px; \n\tborder-bottom-style:solid; \n\tpadding-top:0px; \n\tmargin-bottom:40px; \n} \n \n#cmsmasters_icon_box_69dfcb7f82fd99_99682178 { \n\tborder-width:1px; \n\tbackground-color:#fcfcfc;\n\tborder-color:#e4e4e4;\n} \n\n#cmsmasters_icon_box_69dfcb7f82fd99_99682178:before, \n#cmsmasters_icon_box_69dfcb7f82fd99_99682178 .icon_box_heading:before { \n\tfont-size:30px; \n\tline-height:60px; \n\twidth:60px; \n\theight:60px; \n\tborder-width:0px; \n\t-webkit-border-radius:50%; \n\tborder-radius:50%; \n} \n\n#cmsmasters_icon_box_69dfcb7f82fd99_99682178.cmsmasters_icon_heading_left, \n#cmsmasters_icon_box_69dfcb7f82fd99_99682178.cmsmasters_icon_top, \n#cmsmasters_icon_box_69dfcb7f82fd99_99682178.cmsmasters_icon_box_left_top { \n\tpadding:30px 20px; } \n\n#cmsmasters_icon_box_69dfcb7f82fd99_99682178.cmsmasters_icon_top:before { \n\ttop:30px;} \n\n#cmsmasters_icon_box_69dfcb7f82fd99_99682178.cmsmasters_icon_box_left, \n#cmsmasters_icon_box_69dfcb7f82fd99_99682178.cmsmasters_icon_box_left_top { \n\tpadding-left:60px; \n\tmargin-left:30px; \n\t} \n\n#cmsmasters_icon_box_69dfcb7f82fd99_99682178.cmsmasters_icon_box_left:before, \n#cmsmasters_icon_box_69dfcb7f82fd99_99682178.cmsmasters_icon_box_left_top:before { \n\tleft:-30px; \n\t} \n\n#cmsmasters_icon_box_69dfcb7f82fd99_99682178.cmsmasters_icon_box_left_top { \n\tpadding-top:30px; \n\tmargin-top:60px; \n\t} \n\n#cmsmasters_icon_box_69dfcb7f82fd99_99682178.cmsmasters_icon_box_left_top:before { \n\tmargin-top:-30px; \n\t} \n\n<\/style><div id=\"cmsmasters_row_69dfcb7f812682_03335684\" class=\"cmsmasters_row cmsmasters_color_scheme_default cmsmasters_row_top_default cmsmasters_row_bot_default cmsmasters_row_boxed\">\n<div class=\"cmsmasters_row_outer_parent\">\n<div class=\"cmsmasters_row_outer\">\n<div class=\"cmsmasters_row_inner\">\n<div class=\"cmsmasters_row_margin\">\n<div class=\"cmsmasters_column one_first\">\n\n<div id=\"cmsmasters_heading_69dfcb7f8147f4_47569542\" class=\"cmsmasters_heading_wrap cmsmasters_heading_align_left\">\n\t<h3 class=\"cmsmasters_heading\">Unsere Leistungen<\/h3>\n<\/div>\n<div id=\"cmsmasters_heading_69dfcb7f814e89_92655859\" class=\"cmsmasters_heading_wrap cmsmasters_heading_align_left\">\n\t<h1 class=\"cmsmasters_heading\">GEFAHRGUTTRANSPORT (ADR)<\/h1>\n<\/div>\n\n<div id=\"cmsmasters_divider_69dfcb7f8153b5_40069686\" class=\"cmsmasters_divider cmsmasters_divider_width_long cmsmasters_divider_pos_center\"><\/div>\n<div class=\"cmsmasters_text\">\n<p>Wir bieten exklusive L\u00f6sungen f\u00fcr die internationale Lieferung von Gefahrg\u00fctern. Das Hauptziel ist und bleibt die Sicherheit Ihrer Waren!<\/p>\n<\/div>\n<\/div>\n<\/div>\n<\/div>\n<\/div>\n<\/div>\n<\/div>\n<div id=\"cmsmasters_row_69dfcb7f817853_30674261\" class=\"cmsmasters_row cmsmasters_color_scheme_default cmsmasters_row_top_default cmsmasters_row_bot_default cmsmasters_row_boxed\">\n<div class=\"cmsmasters_row_outer_parent\">\n<div class=\"cmsmasters_row_outer\">\n<div class=\"cmsmasters_row_inner\">\n<div class=\"cmsmasters_row_margin\">\n<div class=\"cmsmasters_column one_half\">\n<div class=\"cmsmasters_content_slider_wrap\" style=\"max-width:580px;\">\n<script type=\"text\/javascript\">jQuery(document).ready(function () { jQuery(\"#cmsmasters_slider_69dfcb7f8191e3_22147273.cmsmasters_content_slider\").owlCarousel( { singleItem : true, transitionStyle: false, rewindSpeed : 1000, slideSpeed : 600, autoHeight : true, paginationSpeed : \t600, autoPlay : 7000,navigationText : \t[ \"<span class=\\\"cmsmasters_prev_arrow\\\"><span><\/span><\/span>\", \"<span class=\\\"cmsmasters_next_arrow\\\"><span><\/span><\/span>\" ] } );} );<\/script>\n<div id=\"cmsmasters_slider_69dfcb7f8191e3_22147273\" class=\"cmsmasters_content_slider cmsmasters_owl_slider owl-carousel\">\n<div class=\"cmsmasters_content_slider_item\"><img loading=\"lazy\" decoding=\"async\" width=\"500\" height=\"325\" src=\"https:\/\/olalina-trans.md\/wp-content\/uploads\/ADR-transport-periculos\/clase-adr.png\" class=\"attachment-cmsmasters-project-masonry-thumb size-cmsmasters-project-masonry-thumb\" alt=\"\" srcset=\"https:\/\/olalina-trans.md\/wp-content\/uploads\/ADR-transport-periculos\/clase-adr.png 500w, https:\/\/olalina-trans.md\/wp-content\/uploads\/ADR-transport-periculos\/clase-adr-300x195.png 300w\" sizes=\"auto, (max-width: 500px) 100vw, 500px\" \/><\/div><div class=\"cmsmasters_content_slider_item\"><img loading=\"lazy\" decoding=\"async\" width=\"580\" height=\"393\" src=\"https:\/\/olalina-trans.md\/wp-content\/uploads\/ADR-transport-periculos\/pagina-marcaje-securitate-clase-olalina-transport-580x393.jpg\" class=\"attachment-cmsmasters-project-masonry-thumb size-cmsmasters-project-masonry-thumb\" alt=\"\" srcset=\"https:\/\/olalina-trans.md\/wp-content\/uploads\/ADR-transport-periculos\/pagina-marcaje-securitate-clase-olalina-transport-580x393.jpg 580w, https:\/\/olalina-trans.md\/wp-content\/uploads\/ADR-transport-periculos\/pagina-marcaje-securitate-clase-olalina-transport-300x203.jpg 300w, https:\/\/olalina-trans.md\/wp-content\/uploads\/ADR-transport-periculos\/pagina-marcaje-securitate-clase-olalina-transport-1024x693.jpg 1024w, https:\/\/olalina-trans.md\/wp-content\/uploads\/ADR-transport-periculos\/pagina-marcaje-securitate-clase-olalina-transport-768x520.jpg 768w, https:\/\/olalina-trans.md\/wp-content\/uploads\/ADR-transport-periculos\/pagina-marcaje-securitate-clase-olalina-transport-860x582.jpg 860w, https:\/\/olalina-trans.md\/wp-content\/uploads\/ADR-transport-periculos\/pagina-marcaje-securitate-clase-olalina-transport-1160x785.jpg 1160w, https:\/\/olalina-trans.md\/wp-content\/uploads\/ADR-transport-periculos\/pagina-marcaje-securitate-clase-olalina-transport-600x406.jpg 600w, https:\/\/olalina-trans.md\/wp-content\/uploads\/ADR-transport-periculos\/pagina-marcaje-securitate-clase-olalina-transport.jpg 1523w\" sizes=\"auto, (max-width: 580px) 100vw, 580px\" \/><\/div><div class=\"cmsmasters_content_slider_item\"><img loading=\"lazy\" decoding=\"async\" width=\"580\" height=\"391\" src=\"https:\/\/olalina-trans.md\/wp-content\/uploads\/ADR-transport-periculos\/transport-adr-marfuri-periculoase-scaled.jpg\" class=\"attachment-cmsmasters-project-masonry-thumb size-cmsmasters-project-masonry-thumb\" alt=\"\" \/><\/div><div class=\"cmsmasters_content_slider_item\"><img loading=\"lazy\" decoding=\"async\" width=\"580\" height=\"861\" src=\"https:\/\/olalina-trans.md\/wp-content\/uploads\/ADR-transport-periculos\/adr-certificat-model-580x861.jpg\" class=\"attachment-cmsmasters-project-masonry-thumb size-cmsmasters-project-masonry-thumb\" alt=\"Certificat Model ADR\" srcset=\"https:\/\/olalina-trans.md\/wp-content\/uploads\/ADR-transport-periculos\/adr-certificat-model-580x861.jpg 580w, https:\/\/olalina-trans.md\/wp-content\/uploads\/ADR-transport-periculos\/adr-certificat-model-202x300.jpg 202w, https:\/\/olalina-trans.md\/wp-content\/uploads\/ADR-transport-periculos\/adr-certificat-model-690x1024.jpg 690w, https:\/\/olalina-trans.md\/wp-content\/uploads\/ADR-transport-periculos\/adr-certificat-model-768x1140.jpg 768w, https:\/\/olalina-trans.md\/wp-content\/uploads\/ADR-transport-periculos\/adr-certificat-model-1035x1536.jpg 1035w, https:\/\/olalina-trans.md\/wp-content\/uploads\/ADR-transport-periculos\/adr-certificat-model-1380x2048.jpg 1380w, https:\/\/olalina-trans.md\/wp-content\/uploads\/ADR-transport-periculos\/adr-certificat-model-860x1277.jpg 860w, https:\/\/olalina-trans.md\/wp-content\/uploads\/ADR-transport-periculos\/adr-certificat-model-1160x1722.jpg 1160w, https:\/\/olalina-trans.md\/wp-content\/uploads\/ADR-transport-periculos\/adr-certificat-model-600x891.jpg 600w, https:\/\/olalina-trans.md\/wp-content\/uploads\/ADR-transport-periculos\/adr-certificat-model.jpg 1563w\" sizes=\"auto, (max-width: 580px) 100vw, 580px\" \/><\/div><\/div>\n<\/div>\n<\/div>\n<div class=\"cmsmasters_column one_half\">\n<div class=\"cmsmasters_text\">\n<p>Nach dem ADR werden die gef\u00e4hrlichen Stoffe wie folgt eingestuft:<\/p>\n<ul>\n<li>Klasse 1: Explosive Stoffe und Gegenst\u00e4nde<\/li>\n<li>Klasse 2: Gase<\/li>\n<li>Klasse 3: entz\u00fcndbare Fl\u00fcssigkeiten<\/li>\n<li>Klasse 4.1: Entz\u00fcndbare feste Stoffe, selbstzersetzliche Stoffe und explosive Stoffe, fest desensibilisiert<\/li>\n<li>Klasse 4.2: Selbstentz\u00fcndliche Stoffe<\/li>\n<li>Klasse 4.3: Stoffe, die in Ber\u00fchrung mit Wasser entz\u00fcndbare Gase entwickeln<\/li>\n<li>Klasse 5.1: oxidierende Stoffe<\/li>\n<li>Klasse 5.2: Organische Peroxide<\/li>\n<li>Klasse 6.1: Giftige Stoffe<\/li>\n<li>Klasse 6.2: Ansteckungsgef\u00e4hrliche Stoffe<\/li>\n<li>Klasse 7: Radioaktive Stoffe<\/li>\n<li>Klasse 8: \u00c4tzende Stoffe<\/li>\n<li>Klasse 9: Verschiedene gef\u00e4hrliche Stoffe und Gegenst\u00e4nde<\/li>\n<\/ul>\n<\/div>\n<\/div>\n<\/div>\n<\/div>\n<\/div>\n<\/div>\n<\/div>\n<div id=\"cmsmasters_row_69dfcb7f823539_68064582\" class=\"cmsmasters_row cmsmasters_color_scheme_default cmsmasters_row_top_default cmsmasters_row_bot_default cmsmasters_row_boxed\">\n<div class=\"cmsmasters_row_outer_parent\">\n<div class=\"cmsmasters_row_outer\">\n<div class=\"cmsmasters_row_inner\">\n<div class=\"cmsmasters_row_margin\">\n<div class=\"cmsmasters_column one_first\">\n<div class=\"cmsmasters_text\">\n<p><strong>Welche Dokumente ben\u00f6tigen Sie f\u00fcr den Transport von Gefahrstoffen?<\/strong><\/p>\n<p>1. Bef\u00f6rderungsgenehmigung und\/oder Ausf\u00fchrungsgenehmigung f\u00fcr Fahrzeuge, die f\u00fcr die Bef\u00f6rderung gef\u00e4hrlicher G\u00fcter verwendet werden. Dieses Dokument muss beim Ministerium f\u00fcr Verkehr und Stra\u00dfeninfrastruktur beantragt werden.<\/p>\n<p>2. Bescheinigung des Ministeriums f\u00fcr Verkehr und Stra\u00dfeninfrastruktur f\u00fcr das Fahrzeug, mit dem die G\u00fcter transportiert werden (entsprechend der Art der transportierten ADR-G\u00fcter)<\/p>\n<p>3. Erforderliche Ausr\u00fcstung f\u00fcr das Stra\u00dfenfahrzeug nach den Vorschriften des ADR.<\/p>\n<p>4. Schilder und Etiketten f\u00fcr die Signalisierung<\/p>\n<p>5. A.D.R.-Bescheinigung &#8211; vom Verkehrsministerium ausgestellte Bescheinigung \u00fcber die Berufsausbildung von Fahrern von Fahrzeugen zur Bef\u00f6rderung gef\u00e4hrlicher G\u00fcter.<\/p>\n<\/div>\n<div class=\"cmsmasters_text\">\n<p><strong>Welche Pflichten haben Sie als Fahrer bei einem Gefahrguttransport?<\/strong><\/p>\n<p>Was die spezifische Ausbildung des Fahrers des Gefahrguttransportfahrzeugs betrifft, so ist gesetzlich vorgeschrieben, dass der Fahrer \u00fcber einen F\u00fchrerschein verf\u00fcgen muss, der \u00e4lter als ein Jahr ab Ausstellungsdatum ist, und Olalina Trans bietet Ihnen diesen Service durch erfahrene und professionelle Fahrer.<\/p>\n<p><strong>Das Gesetz verbietet dem Fahrer eines Kraftfahrzeugs, das gef\u00e4hrliche G\u00fcter oder Produkte bef\u00f6rdert, Folgendes:<\/strong><\/p>\n<ul>\n<li>Ersch\u00fctterungen des Fahrzeugs w\u00e4hrend der Fahrt verursachen;<\/li>\n<li>das Rauchen w\u00e4hrend der Fahrt oder das Anz\u00fcnden von Feuer, wenn das Fahrzeug in einem Abstand von weniger als 50 m angehalten wird oder steht;<\/li>\n<li>das Fahrzeug und seine Ladung nicht unbeaufsichtigt lassen, weder von ihm selbst noch von seinem Begleiter oder einer anderen Person;<\/li>\n<li>ein festgefahrenes Fahrzeug abschleppen;<\/li>\n<li>andere Routen zu fahren oder an anderen Orten als den festgelegten zu halten;<\/li>\n<li>den Aufenthalt anderer Personen im Fahrzeug zu gestatten, mit Ausnahme des anderen Fahrers, der Begleitpersonen oder derjenigen, die die bef\u00f6rderten Waren oder Erzeugnisse be- oder entladen;<\/li>\n<li>Kraftstoffvorr\u00e4te in nicht speziell f\u00fcr diesen Zweck vorgesehenen Verpackungen im Fahrzeug aufzubewahren.<\/li>\n<\/ul>\n<p>Nicht zuletzt m\u00fcssen wir bedenken, dass der Hauptzweck des Gefahrguttransports die Sicherheit ist, die geregelt ist, um Unf\u00e4lle und Sch\u00e4den an Menschen oder der Umwelt zu vermeiden, und Olalina-Trans \u00fcbernimmt die Verpflichtung, Ihnen die notwendige Unterst\u00fctzung bei der heiklen Bef\u00f6rderung dieser G\u00fcter zu geben.<\/p>\n<\/div>\n<\/div>\n<\/div>\n<\/div>\n<\/div>\n<\/div>\n<\/div>\n<div id=\"cmsmasters_row_69dfcb7f8271e0_89613806\" class=\"cmsmasters_row cmsmasters_color_scheme_default cmsmasters_row_top_default cmsmasters_row_bot_default cmsmasters_row_boxed\">\n<div class=\"cmsmasters_row_outer_parent\">\n<div class=\"cmsmasters_row_outer\">\n<div class=\"cmsmasters_row_inner\">\n<div class=\"cmsmasters_row_margin\">\n<div class=\"cmsmasters_column one_first\">\n<div class=\"cmsmasters_text\">\n<h1><strong>VON UNSEREN <span style=\"color: #ed1c24;\">PARTNERSCHAFTEN PROFITIEREN:<\/span><\/strong><\/h1>\n<\/div>\n\n<div id=\"cmsmasters_divider_69dfcb7f829e13_94035141\" class=\"cmsmasters_divider cmsmasters_divider_width_long cmsmasters_divider_pos_center\"><\/div>\n<\/div>\n<\/div>\n<\/div>\n<\/div>\n<\/div>\n<\/div>\n<div id=\"cmsmasters_row_69dfcb7f82a5d6_54426146\" class=\"cmsmasters_row cmsmasters_color_scheme_default cmsmasters_row_top_default cmsmasters_row_bot_default cmsmasters_row_boxed\">\n<div class=\"cmsmasters_row_outer_parent\">\n<div class=\"cmsmasters_row_outer\">\n<div class=\"cmsmasters_row_inner\">\n<div class=\"cmsmasters_row_margin\">\n<div class=\"cmsmasters_column one_half\">\n\n<div id=\"cmsmasters_icon_box_69dfcb7f82c868_18979873\" class=\"cmsmasters_icon_box cmsmasters_icon_box_left_top box_icon_type_icon cmsmasters-icon-custom-10\">\n<div class=\"icon_box_inner\">\n<h3 class=\"icon_box_heading\">SICHERER TRANSPORT<\/h3>\n<div class=\"icon_box_text\">\n<p><span style=\"color: #333333;\">Um internationale Transporte durchf\u00fchren zu k\u00f6nnen, verf\u00fcgt jedes Fahrzeug \u00fcber eine CMR-Ladungsversicherung mit einer Haftungssumme von 300.000 \u20ac. Ihre Waren werden sicher transporiert.<\/span><\/p>\n<\/div>\n<\/div>\n<\/div>\n\n<div id=\"cmsmasters_divider_69dfcb7f82d367_73078249\" class=\"cl\"><\/div>\n\n<div id=\"cmsmasters_icon_box_69dfcb7f82d914_23558192\" class=\"cmsmasters_icon_box cmsmasters_icon_box_left_top box_icon_type_icon cmsmasters-icon-custom-18\">\n<div class=\"icon_box_inner\">\n<h3 class=\"icon_box_heading\">FLEXIBILITAT &amp; LEISTUNGSF\u00c4HIGKEIT<\/h3>\n<div class=\"icon_box_text\">\n<p><span style=\"color: #333333;\">Durch unsere Transportdienstleistungen stellen wir sicher, dass Ihre Waren rechtzeitig an ihrem Zielort geliefert werden. Vertrauen Sie unsere Qualit\u00e4t &amp; Zuverl\u00e4ssigkeit.<\/span><\/p>\n<\/div>\n<\/div>\n<\/div>\n<\/div>\n<div class=\"cmsmasters_column one_half\">\n\n<div id=\"cmsmasters_icon_box_69dfcb7f82ee63_79010886\" class=\"cmsmasters_icon_box cmsmasters_icon_box_left_top box_icon_type_icon cmsmasters-icon-custom-01\">\n<div class=\"icon_box_inner\">\n<h3 class=\"icon_box_heading\">MODERNER &amp; SPEZIALISIERTER FUHRPARK:<\/h3>\n<div class=\"icon_box_text\">\n<p>OLALINA-TRANS verf\u00fcgt \u00fcber eine moderne Flotte von EURO 4- und EURO 6-Standard-LKWs, die ein H\u00f6chstma\u00df an Qualit\u00e4t und Flexibilit\u00e4t beim Transport garantieren.<\/p>\n<\/div>\n<\/div>\n<\/div>\n\n<div id=\"cmsmasters_divider_69dfcb7f82f902_20729091\" class=\"cl\"><\/div>\n\n<div id=\"cmsmasters_icon_box_69dfcb7f82fd99_99682178\" class=\"cmsmasters_icon_box cmsmasters_icon_box_left_top box_icon_type_icon cmsmasters-icon-custom-08\">\n<div class=\"icon_box_inner\">\n<h3 class=\"icon_box_heading\">ECHTZEIT-GPS-\u00dcBERWACHUNG<\/h3>\n<div class=\"icon_box_text\">\n<p>Alle unsere Lkw werden per Satellit \u00fcberwacht, um die Transparenz f\u00fcr den Kunden zu erh\u00f6hen und effizient zu sein. OLALINA-TRANS sichert Ihre Fracht auf die sicherste Art und Weise.<\/p>\n<\/div>\n<\/div>\n<\/div>\n<\/div>\n<\/div>\n<\/div>\n<\/div>\n<\/div>\n<\/div>\n\n","protected":false},"excerpt":{"rendered":"","protected":false},"author":1,"featured_media":0,"parent":0,"menu_order":0,"comment_status":"closed","ping_status":"closed","template":"","meta":{"_monsterinsights_skip_tracking":false,"_monsterinsights_sitenote_active":false,"_monsterinsights_sitenote_note":"","_monsterinsights_sitenote_category":0,"footnotes":""},"class_list":["post-8002","page","type-page","status-publish","hentry"],"aioseo_notices":[],"_links":{"self":[{"href":"https:\/\/olalina-trans.md\/index.php\/wp-json\/wp\/v2\/pages\/8002","targetHints":{"allow":["GET"]}}],"collection":[{"href":"https:\/\/olalina-trans.md\/index.php\/wp-json\/wp\/v2\/pages"}],"about":[{"href":"https:\/\/olalina-trans.md\/index.php\/wp-json\/wp\/v2\/types\/page"}],"author":[{"embeddable":true,"href":"https:\/\/olalina-trans.md\/index.php\/wp-json\/wp\/v2\/users\/1"}],"replies":[{"embeddable":true,"href":"https:\/\/olalina-trans.md\/index.php\/wp-json\/wp\/v2\/comments?post=8002"}],"version-history":[{"count":3,"href":"https:\/\/olalina-trans.md\/index.php\/wp-json\/wp\/v2\/pages\/8002\/revisions"}],"predecessor-version":[{"id":8010,"href":"https:\/\/olalina-trans.md\/index.php\/wp-json\/wp\/v2\/pages\/8002\/revisions\/8010"}],"wp:attachment":[{"href":"https:\/\/olalina-trans.md\/index.php\/wp-json\/wp\/v2\/media?parent=8002"}],"curies":[{"name":"wp","href":"https:\/\/api.w.org\/{rel}","templated":true}]}}