{"id":7992,"date":"2021-03-01T18:00:48","date_gmt":"2021-03-01T18:00:48","guid":{"rendered":"https:\/\/olalina-trans.md\/index.php\/transport-de-grupaj\/"},"modified":"2022-04-28T13:13:58","modified_gmt":"2022-04-28T11:13:58","slug":"transport-de-grupaj","status":"publish","type":"page","link":"https:\/\/olalina-trans.md\/index.php\/transport-de-grupaj\/?lang=de","title":{"rendered":"Sammeltransport"},"content":{"rendered":"<style type=\"text\/css\"> \n#cmsmasters_row_6a0789bceba204_52493890 .cmsmasters_row_outer_parent { \n\tpadding-top: 0px; \n} \n\n#cmsmasters_row_6a0789bceba204_52493890 .cmsmasters_row_outer_parent { \n\tpadding-bottom: 10px; \n} \n\n \n#cmsmasters_heading_6a0789bcebc303_62948606 { \n\ttext-align:left; \n\tmargin-top:0px; \n\tmargin-bottom:0px; \n} \n\n#cmsmasters_heading_6a0789bcebc303_62948606 .cmsmasters_heading { \n\ttext-align:left; \n} \n\n#cmsmasters_heading_6a0789bcebc303_62948606 .cmsmasters_heading, #cmsmasters_heading_6a0789bcebc303_62948606 .cmsmasters_heading a { \n\tfont-family:'Roboto Condensed'; \n\tfont-size:18px; \n\tline-height:24px; \n\tfont-weight:600; \n\tfont-style:normal; \n\tcolor:#a8a8a8;\n} \n\n#cmsmasters_heading_6a0789bcebc303_62948606 .cmsmasters_heading_divider { \n} \n\n \n#cmsmasters_heading_6a0789bcebca57_97116272 { \n\ttext-align:left; \n\tmargin-top:0px; \n\tmargin-bottom:20px; \n} \n\n#cmsmasters_heading_6a0789bcebca57_97116272 .cmsmasters_heading { \n\ttext-align:left; \n} \n\n#cmsmasters_heading_6a0789bcebca57_97116272 .cmsmasters_heading, #cmsmasters_heading_6a0789bcebca57_97116272 .cmsmasters_heading a { \n\tfont-size:28px; \n\tfont-weight:600; \n\tfont-style:normal; \n} \n\n#cmsmasters_heading_6a0789bcebca57_97116272 .cmsmasters_heading_divider { \n} \n\n \n#cmsmasters_divider_6a0789bcebcfd7_47826748 { \n\tborder-bottom-width:1px; \n\tborder-bottom-style:solid; \n\tpadding-top:0px; \n\tmargin-bottom:40px; \n} \n \n#cmsmasters_row_6a0789bcebf505_43916298 .cmsmasters_row_outer_parent { \n\tpadding-top: 0px; \n} \n\n#cmsmasters_row_6a0789bcebf505_43916298 .cmsmasters_row_outer_parent { \n\tpadding-bottom: 10px; \n} \n\n \n#cmsmasters_row_6a0789bcec8eb2_34895003 .cmsmasters_row_outer_parent { \n\tpadding-top: 0px; \n} \n\n#cmsmasters_row_6a0789bcec8eb2_34895003 .cmsmasters_row_outer_parent { \n\tpadding-bottom: 40px; \n} \n\n \n#cmsmasters_row_6a0789bcecb3b1_60189482 .cmsmasters_row_outer_parent { \n\tpadding-top: 0px; \n} \n\n#cmsmasters_row_6a0789bcecb3b1_60189482 .cmsmasters_row_outer_parent { \n\tpadding-bottom: 0px; \n} \n\n \n#cmsmasters_divider_6a0789bcecd783_49744683 { \n\tborder-bottom-width:1px; \n\tborder-bottom-style:solid; \n\tpadding-top:0px; \n\tmargin-bottom:40px; \n} \n \n#cmsmasters_row_6a0789bcecdd71_73567147 .cmsmasters_row_outer_parent { \n\tpadding-bottom: 50px; \n} \n\n \n#cmsmasters_icon_box_6a0789bcecfb58_37403517 { \n\tborder-width:1px; \n\tbackground-color:#fcfcfc;\n\tborder-color:#e4e4e4;\n} \n\n#cmsmasters_icon_box_6a0789bcecfb58_37403517:before, \n#cmsmasters_icon_box_6a0789bcecfb58_37403517 .icon_box_heading:before { \n\tfont-size:30px; \n\tline-height:60px; \n\twidth:60px; \n\theight:60px; \n\tborder-width:0px; \n\t-webkit-border-radius:50%; \n\tborder-radius:50%; \n\tcolor:#ffffff;\n\tbackground-color:#f02830;\n} \n\n#cmsmasters_icon_box_6a0789bcecfb58_37403517.cmsmasters_icon_heading_left, \n#cmsmasters_icon_box_6a0789bcecfb58_37403517.cmsmasters_icon_top, \n#cmsmasters_icon_box_6a0789bcecfb58_37403517.cmsmasters_icon_box_left_top { \n\tpadding:30px 20px; } \n\n#cmsmasters_icon_box_6a0789bcecfb58_37403517.cmsmasters_icon_top:before { \n\ttop:30px;} \n\n#cmsmasters_icon_box_6a0789bcecfb58_37403517.cmsmasters_icon_box_left, \n#cmsmasters_icon_box_6a0789bcecfb58_37403517.cmsmasters_icon_box_left_top { \n\tpadding-left:60px; \n\tmargin-left:30px; \n\t} \n\n#cmsmasters_icon_box_6a0789bcecfb58_37403517.cmsmasters_icon_box_left:before, \n#cmsmasters_icon_box_6a0789bcecfb58_37403517.cmsmasters_icon_box_left_top:before { \n\tleft:-30px; \n\t} \n\n#cmsmasters_icon_box_6a0789bcecfb58_37403517.cmsmasters_icon_box_left_top { \n\tpadding-top:30px; \n\tmargin-top:60px; \n\t} \n\n#cmsmasters_icon_box_6a0789bcecfb58_37403517.cmsmasters_icon_box_left_top:before { \n\tmargin-top:-30px; \n\t} \n\n \n#cmsmasters_divider_6a0789bced04e6_20348301 { \n\tborder-bottom-width:0px; \n\tborder-bottom-style:solid; \n\tpadding-top:0px; \n\tmargin-bottom:40px; \n} \n \n#cmsmasters_icon_box_6a0789bced09b0_61797678 { \n\tborder-width:1px; \n\tbackground-color:#fcfcfc;\n\tborder-color:#e4e4e4;\n} \n\n#cmsmasters_icon_box_6a0789bced09b0_61797678:before, \n#cmsmasters_icon_box_6a0789bced09b0_61797678 .icon_box_heading:before { \n\tfont-size:30px; \n\tline-height:60px; \n\twidth:60px; \n\theight:60px; \n\tborder-width:0px; \n\t-webkit-border-radius:50%; \n\tborder-radius:50%; \n\tcolor:#ffffff;\n\tbackground-color:#f02830;\n} \n\n#cmsmasters_icon_box_6a0789bced09b0_61797678.cmsmasters_icon_heading_left, \n#cmsmasters_icon_box_6a0789bced09b0_61797678.cmsmasters_icon_top, \n#cmsmasters_icon_box_6a0789bced09b0_61797678.cmsmasters_icon_box_left_top { \n\tpadding:30px 20px; } \n\n#cmsmasters_icon_box_6a0789bced09b0_61797678.cmsmasters_icon_top:before { \n\ttop:30px;} \n\n#cmsmasters_icon_box_6a0789bced09b0_61797678.cmsmasters_icon_box_left, \n#cmsmasters_icon_box_6a0789bced09b0_61797678.cmsmasters_icon_box_left_top { \n\tpadding-left:60px; \n\tmargin-left:30px; \n\t} \n\n#cmsmasters_icon_box_6a0789bced09b0_61797678.cmsmasters_icon_box_left:before, \n#cmsmasters_icon_box_6a0789bced09b0_61797678.cmsmasters_icon_box_left_top:before { \n\tleft:-30px; \n\t} \n\n#cmsmasters_icon_box_6a0789bced09b0_61797678.cmsmasters_icon_box_left_top { \n\tpadding-top:30px; \n\tmargin-top:60px; \n\t} \n\n#cmsmasters_icon_box_6a0789bced09b0_61797678.cmsmasters_icon_box_left_top:before { \n\tmargin-top:-30px; \n\t} \n\n \n#cmsmasters_icon_box_6a0789bced1fe6_31328120 { \n\tborder-width:1px; \n\tbackground-color:#fcfcfc;\n\tborder-color:#e4e4e4;\n} \n\n#cmsmasters_icon_box_6a0789bced1fe6_31328120:before, \n#cmsmasters_icon_box_6a0789bced1fe6_31328120 .icon_box_heading:before { \n\tfont-size:30px; \n\tline-height:60px; \n\twidth:60px; \n\theight:60px; \n\tborder-width:0px; \n\t-webkit-border-radius:50%; \n\tborder-radius:50%; \n} \n\n#cmsmasters_icon_box_6a0789bced1fe6_31328120.cmsmasters_icon_heading_left, \n#cmsmasters_icon_box_6a0789bced1fe6_31328120.cmsmasters_icon_top, \n#cmsmasters_icon_box_6a0789bced1fe6_31328120.cmsmasters_icon_box_left_top { \n\tpadding:30px 20px; } \n\n#cmsmasters_icon_box_6a0789bced1fe6_31328120.cmsmasters_icon_top:before { \n\ttop:30px;} \n\n#cmsmasters_icon_box_6a0789bced1fe6_31328120.cmsmasters_icon_box_left, \n#cmsmasters_icon_box_6a0789bced1fe6_31328120.cmsmasters_icon_box_left_top { \n\tpadding-left:60px; \n\tmargin-left:30px; \n\t} \n\n#cmsmasters_icon_box_6a0789bced1fe6_31328120.cmsmasters_icon_box_left:before, \n#cmsmasters_icon_box_6a0789bced1fe6_31328120.cmsmasters_icon_box_left_top:before { \n\tleft:-30px; \n\t} \n\n#cmsmasters_icon_box_6a0789bced1fe6_31328120.cmsmasters_icon_box_left_top { \n\tpadding-top:30px; \n\tmargin-top:60px; \n\t} \n\n#cmsmasters_icon_box_6a0789bced1fe6_31328120.cmsmasters_icon_box_left_top:before { \n\tmargin-top:-30px; \n\t} \n\n \n#cmsmasters_divider_6a0789bced29f2_71463356 { \n\tborder-bottom-width:0px; \n\tborder-bottom-style:solid; \n\tpadding-top:0px; \n\tmargin-bottom:40px; \n} \n \n#cmsmasters_icon_box_6a0789bced3100_17340108 { \n\tborder-width:1px; \n\tbackground-color:#fcfcfc;\n\tborder-color:#e4e4e4;\n} \n\n#cmsmasters_icon_box_6a0789bced3100_17340108:before, \n#cmsmasters_icon_box_6a0789bced3100_17340108 .icon_box_heading:before { \n\tfont-size:30px; \n\tline-height:60px; \n\twidth:60px; \n\theight:60px; \n\tborder-width:0px; \n\t-webkit-border-radius:50%; \n\tborder-radius:50%; \n} \n\n#cmsmasters_icon_box_6a0789bced3100_17340108.cmsmasters_icon_heading_left, \n#cmsmasters_icon_box_6a0789bced3100_17340108.cmsmasters_icon_top, \n#cmsmasters_icon_box_6a0789bced3100_17340108.cmsmasters_icon_box_left_top { \n\tpadding:30px 20px; } \n\n#cmsmasters_icon_box_6a0789bced3100_17340108.cmsmasters_icon_top:before { \n\ttop:30px;} \n\n#cmsmasters_icon_box_6a0789bced3100_17340108.cmsmasters_icon_box_left, \n#cmsmasters_icon_box_6a0789bced3100_17340108.cmsmasters_icon_box_left_top { \n\tpadding-left:60px; \n\tmargin-left:30px; \n\t} \n\n#cmsmasters_icon_box_6a0789bced3100_17340108.cmsmasters_icon_box_left:before, \n#cmsmasters_icon_box_6a0789bced3100_17340108.cmsmasters_icon_box_left_top:before { \n\tleft:-30px; \n\t} \n\n#cmsmasters_icon_box_6a0789bced3100_17340108.cmsmasters_icon_box_left_top { \n\tpadding-top:30px; \n\tmargin-top:60px; \n\t} \n\n#cmsmasters_icon_box_6a0789bced3100_17340108.cmsmasters_icon_box_left_top:before { \n\tmargin-top:-30px; \n\t} \n\n<\/style><div id=\"cmsmasters_row_6a0789bceba204_52493890\" class=\"cmsmasters_row cmsmasters_color_scheme_default cmsmasters_row_top_default cmsmasters_row_bot_default cmsmasters_row_boxed\">\n<div class=\"cmsmasters_row_outer_parent\">\n<div class=\"cmsmasters_row_outer\">\n<div class=\"cmsmasters_row_inner\">\n<div class=\"cmsmasters_row_margin\">\n<div class=\"cmsmasters_column one_first\">\n\n<div id=\"cmsmasters_heading_6a0789bcebc303_62948606\" class=\"cmsmasters_heading_wrap cmsmasters_heading_align_left\">\n\t<h3 class=\"cmsmasters_heading\">Unsere Dienstleistungen<\/h3>\n<\/div>\n<div id=\"cmsmasters_heading_6a0789bcebca57_97116272\" class=\"cmsmasters_heading_wrap cmsmasters_heading_align_left\">\n\t<h1 class=\"cmsmasters_heading\">SAMMELGUTVERKEHR<\/h1>\n<\/div>\n\n<div id=\"cmsmasters_divider_6a0789bcebcfd7_47826748\" class=\"cmsmasters_divider cmsmasters_divider_width_long cmsmasters_divider_pos_center\"><\/div>\n<div class=\"cmsmasters_text\">\n<p>Wir bieten optimale Sammelgut-Transport-L\u00f6sungen an, die Ihnen bei dei der Lieferung der Paketen sicherlich helfen werden.<\/p>\n<\/div>\n<\/div>\n<\/div>\n<\/div>\n<\/div>\n<\/div>\n<\/div>\n<div id=\"cmsmasters_row_6a0789bcebf505_43916298\" class=\"cmsmasters_row cmsmasters_color_scheme_default cmsmasters_row_top_default cmsmasters_row_bot_default cmsmasters_row_boxed\">\n<div class=\"cmsmasters_row_outer_parent\">\n<div class=\"cmsmasters_row_outer\">\n<div class=\"cmsmasters_row_inner\">\n<div class=\"cmsmasters_row_margin\">\n<div class=\"cmsmasters_column one_half\">\n<div class=\"cmsmasters_content_slider_wrap\" style=\"max-width:580px;\">\n<script type=\"text\/javascript\">jQuery(document).ready(function () { jQuery(\"#cmsmasters_slider_6a0789bcec0e49_87978784.cmsmasters_content_slider\").owlCarousel( { singleItem : true, transitionStyle: false, rewindSpeed : 1000, slideSpeed : 600, autoHeight : true, paginationSpeed : \t600, autoPlay : 7000,navigationText : \t[ \"<span class=\\\"cmsmasters_prev_arrow\\\"><span><\/span><\/span>\", \"<span class=\\\"cmsmasters_next_arrow\\\"><span><\/span><\/span>\" ] } );} );<\/script>\n<div id=\"cmsmasters_slider_6a0789bcec0e49_87978784\" class=\"cmsmasters_content_slider cmsmasters_owl_slider owl-carousel\">\n<div class=\"cmsmasters_content_slider_item\"><img loading=\"lazy\" decoding=\"async\" width=\"580\" height=\"350\" src=\"https:\/\/olalina-trans.md\/wp-content\/uploads\/Transport-grupaj\/DAF-6-Euro-Moldova-580x350.jpg\" class=\"attachment-cmsmasters-blog-masonry-thumb size-cmsmasters-blog-masonry-thumb\" alt=\"\" \/><\/div><div class=\"cmsmasters_content_slider_item\"><img loading=\"lazy\" decoding=\"async\" width=\"580\" height=\"350\" src=\"https:\/\/olalina-trans.md\/wp-content\/uploads\/Transport-grupaj\/transport-grupaj-moldova-europa-580x350.jpg\" class=\"attachment-cmsmasters-blog-masonry-thumb size-cmsmasters-blog-masonry-thumb\" alt=\"\" \/><\/div><div class=\"cmsmasters_content_slider_item\"><img loading=\"lazy\" decoding=\"async\" width=\"580\" height=\"350\" src=\"https:\/\/olalina-trans.md\/wp-content\/uploads\/Transport-grupaj\/transport-grupaj-olalina-transport-580x350.jpg\" class=\"attachment-cmsmasters-blog-masonry-thumb size-cmsmasters-blog-masonry-thumb\" alt=\"\" \/><\/div><\/div>\n<\/div>\n<\/div>\n<div class=\"cmsmasters_column one_half\">\n<div class=\"cmsmasters_text\">\n<p>Die wichtigsten Merkmale des Sammelgutverkehrs sind:<\/p>\n<ul>\n<li>Eine gro\u00dfe Anzahl von Versendern und Empf\u00e4ngern, verstreut<\/li>\n<li>Eine relativ kleine Masseeinheit<\/li>\n<li>Eine Vielzahl von Formen und Verpackungen<\/li>\n<li>Kumulierung in einer Sammellieferung<\/li>\n<\/ul>\n<\/div>\n<\/div>\n<\/div>\n<\/div>\n<\/div>\n<\/div>\n<\/div>\n<div id=\"cmsmasters_row_6a0789bcec8eb2_34895003\" class=\"cmsmasters_row cmsmasters_color_scheme_default cmsmasters_row_top_default cmsmasters_row_bot_default cmsmasters_row_boxed\">\n<div class=\"cmsmasters_row_outer_parent\">\n<div class=\"cmsmasters_row_outer\">\n<div class=\"cmsmasters_row_inner\">\n<div class=\"cmsmasters_row_margin\">\n<div class=\"cmsmasters_column one_first\">\n<div class=\"cmsmasters_text\">\n<p>Sie m\u00fcssen eine feste \u00e4u\u00dfere Form haben und d\u00fcrfen gleichzeitig w\u00e4hrend des Transports nicht zusammenbrechen.<\/p>\n<p>Es ist auch wichtig, dass man sie wiegen und z\u00e4hlen kann.<\/p>\n<p>Das Entgelt f\u00fcr den Sammelgutverkehr wird nach dem tats\u00e4chlichen Wiegen oder Z\u00e4hlen der Ladung erhoben.<\/p>\n<p>Wenn Sie eine kleine Warensendung transportieren m\u00fcssen, ist der Sammelgutverkehr eine flexible, sichere und vor allem kosteng\u00fcnstige M\u00f6glichkeit, diese an Ihr Unternehmen zu liefern.<\/p>\n<\/div>\n<div class=\"cmsmasters_text\">\n<p>Es gibt eine lange Liste von Frachtarten, die nicht im Sammelgutverkehr bef\u00f6rdert werden k\u00f6nnen.<\/p>\n<p><em>Dazu geh\u00f6ren lebende Pflanzen, Tiere, Waffen, explosives Material, Lebensmittel, Schmuck oder Wertpapiere. Dies ist vor allem auf die besonderen Eigenschaften dieser Ladung zur\u00fcckzuf\u00fchren.<\/em><\/p>\n<blockquote>\n<p>F\u00fcr Sammelgutkunden ist neben dem Transportpreis vor allem die Laufzeit des Pakets wichtig, und diese sollte m\u00f6glichst nahe an der Laufzeit des vollen Lkw liegen!<\/p>\n<\/blockquote>\n<p>Deshalb ist es f\u00fcr die Effektivit\u00e4t des Sammelgutverkehrs wichtig, mit einem zuverl\u00e4ssigen Partner zusammenzuarbeiten, und in unserem Fall ist die Sicherheit und Schnelligkeit nur durch <strong><span style=\"box-shadow: inset 0px -3px 0px #ee252c;\">OLALINA TRANS S.R.L.<\/span><\/strong> gew\u00e4hrleistet.<\/p>\n<\/div>\n<\/div>\n<\/div>\n<\/div>\n<\/div>\n<\/div>\n<\/div>\n<div id=\"cmsmasters_row_6a0789bcecb3b1_60189482\" class=\"cmsmasters_row cmsmasters_color_scheme_default cmsmasters_row_top_default cmsmasters_row_bot_default cmsmasters_row_boxed\">\n<div class=\"cmsmasters_row_outer_parent\">\n<div class=\"cmsmasters_row_outer\">\n<div class=\"cmsmasters_row_inner\">\n<div class=\"cmsmasters_row_margin\">\n<div class=\"cmsmasters_column one_first\">\n<div class=\"cmsmasters_text\">\n<h1><strong>BENEFICIILE DE LA <span style=\"color: #ed1c24;\">PARTENERIATUL CU OLALINA TRANS:<\/span><\/strong><\/h1>\n<\/div>\n\n<div id=\"cmsmasters_divider_6a0789bcecd783_49744683\" class=\"cmsmasters_divider cmsmasters_divider_width_long cmsmasters_divider_pos_center\"><\/div>\n<\/div>\n<\/div>\n<\/div>\n<\/div>\n<\/div>\n<\/div>\n<div id=\"cmsmasters_row_6a0789bcecdd71_73567147\" class=\"cmsmasters_row cmsmasters_color_scheme_default cmsmasters_row_top_default cmsmasters_row_bot_default cmsmasters_row_boxed\">\n<div class=\"cmsmasters_row_outer_parent\">\n<div class=\"cmsmasters_row_outer\">\n<div class=\"cmsmasters_row_inner\">\n<div class=\"cmsmasters_row_margin\">\n<div class=\"cmsmasters_column one_half\">\n\n<div id=\"cmsmasters_icon_box_6a0789bcecfb58_37403517\" class=\"cmsmasters_icon_box cmsmasters_icon_box_left_top box_icon_type_icon cmsmasters-icon-custom-10\">\n<div class=\"icon_box_inner\">\n<h3 class=\"icon_box_heading\">SICHERER TRANSPORT<\/h3>\n<div class=\"icon_box_text\">\n<p><span style=\"color: #333333;\">Um internationale Transporte durchf\u00fchren zu k\u00f6nnen, verf\u00fcgt jedes Fahrzeug \u00fcber eine CMR-Ladungsversicherung mit einer Haftungssumme von 300.000 \u20ac. Ihre Waren werden sicher transporiert.<\/span><\/p>\n<\/div>\n<\/div>\n<\/div>\n\n<div id=\"cmsmasters_divider_6a0789bced04e6_20348301\" class=\"cl\"><\/div>\n\n<div id=\"cmsmasters_icon_box_6a0789bced09b0_61797678\" class=\"cmsmasters_icon_box cmsmasters_icon_box_left_top box_icon_type_icon cmsmasters-icon-custom-18\">\n<div class=\"icon_box_inner\">\n<h3 class=\"icon_box_heading\">FLEXIBILITAT &amp; LEISTUNGSF\u00c4HIGKEIT<\/h3>\n<div class=\"icon_box_text\">\n<p><span style=\"color: #333333;\">Durch unsere Transportdienstleistungen stellen wir sicher, dass Ihre Waren rechtzeitig an ihrem Zielort geliefert werden. Vertrauen Sie unsere Qualit\u00e4t &amp; Zuverl\u00e4ssigkeit.<\/span><\/p>\n<\/div>\n<\/div>\n<\/div>\n<\/div>\n<div class=\"cmsmasters_column one_half\">\n\n<div id=\"cmsmasters_icon_box_6a0789bced1fe6_31328120\" class=\"cmsmasters_icon_box cmsmasters_icon_box_left_top box_icon_type_icon cmsmasters-icon-custom-01\">\n<div class=\"icon_box_inner\">\n<h3 class=\"icon_box_heading\">MODERNER &amp; SPEZIALISIERTER FUHRPARK:<\/h3>\n<div class=\"icon_box_text\">\n<p>OLALINA-TRANS verf\u00fcgt \u00fcber eine moderne Flotte von EURO 4- und EURO 6-Standard-LKWs, die ein H\u00f6chstma\u00df an Qualit\u00e4t und Flexibilit\u00e4t beim Transport garantieren.<\/p>\n<\/div>\n<\/div>\n<\/div>\n\n<div id=\"cmsmasters_divider_6a0789bced29f2_71463356\" class=\"cl\"><\/div>\n\n<div id=\"cmsmasters_icon_box_6a0789bced3100_17340108\" class=\"cmsmasters_icon_box cmsmasters_icon_box_left_top box_icon_type_icon cmsmasters-icon-custom-08\">\n<div class=\"icon_box_inner\">\n<h3 class=\"icon_box_heading\">ECHTZEIT-GPS-\u00dcBERWACHUNG<\/h3>\n<div class=\"icon_box_text\">\n<p>Alle unsere Lkw werden per Satellit \u00fcberwacht, um die Transparenz f\u00fcr den Kunden zu erh\u00f6hen und effizient zu sein. OLALINA-TRANS sichert Ihre Fracht auf die sicherste Art und Weise.<\/p>\n<\/div>\n<\/div>\n<\/div>\n<\/div>\n<\/div>\n<\/div>\n<\/div>\n<\/div>\n<\/div>\n\n","protected":false},"excerpt":{"rendered":"","protected":false},"author":1,"featured_media":0,"parent":0,"menu_order":0,"comment_status":"closed","ping_status":"closed","template":"","meta":{"_monsterinsights_skip_tracking":false,"_monsterinsights_sitenote_active":false,"_monsterinsights_sitenote_note":"","_monsterinsights_sitenote_category":0,"footnotes":""},"class_list":["post-7992","page","type-page","status-publish","hentry"],"aioseo_notices":[],"_links":{"self":[{"href":"https:\/\/olalina-trans.md\/index.php\/wp-json\/wp\/v2\/pages\/7992","targetHints":{"allow":["GET"]}}],"collection":[{"href":"https:\/\/olalina-trans.md\/index.php\/wp-json\/wp\/v2\/pages"}],"about":[{"href":"https:\/\/olalina-trans.md\/index.php\/wp-json\/wp\/v2\/types\/page"}],"author":[{"embeddable":true,"href":"https:\/\/olalina-trans.md\/index.php\/wp-json\/wp\/v2\/users\/1"}],"replies":[{"embeddable":true,"href":"https:\/\/olalina-trans.md\/index.php\/wp-json\/wp\/v2\/comments?post=7992"}],"version-history":[{"count":4,"href":"https:\/\/olalina-trans.md\/index.php\/wp-json\/wp\/v2\/pages\/7992\/revisions"}],"predecessor-version":[{"id":7999,"href":"https:\/\/olalina-trans.md\/index.php\/wp-json\/wp\/v2\/pages\/7992\/revisions\/7999"}],"wp:attachment":[{"href":"https:\/\/olalina-trans.md\/index.php\/wp-json\/wp\/v2\/media?parent=7992"}],"curies":[{"name":"wp","href":"https:\/\/api.w.org\/{rel}","templated":true}]}}