{"id":7970,"date":"2016-03-30T09:37:29","date_gmt":"2016-03-30T09:37:29","guid":{"rendered":"https:\/\/olalina-trans.md\/index.php\/ground-cargo\/"},"modified":"2022-04-28T12:37:43","modified_gmt":"2022-04-28T10:37:43","slug":"ground-cargo","status":"publish","type":"page","link":"https:\/\/olalina-trans.md\/index.php\/ground-cargo\/?lang=de","title":{"rendered":"INTERNATIONALE G\u00dcTERBEF\u00d6RDERUNG"},"content":{"rendered":"<style type=\"text\/css\"> \n#cmsmasters_row_6a078dcff39b43_86796410 .cmsmasters_row_outer_parent { \n\tpadding-top: 0px; \n} \n\n#cmsmasters_row_6a078dcff39b43_86796410 .cmsmasters_row_outer_parent { \n\tpadding-bottom: 10px; \n} \n\n \n#cmsmasters_heading_6a078dcff3bb40_78494698 { \n\ttext-align:left; \n\tmargin-top:0px; \n\tmargin-bottom:0px; \n} \n\n#cmsmasters_heading_6a078dcff3bb40_78494698 .cmsmasters_heading { \n\ttext-align:left; \n} \n\n#cmsmasters_heading_6a078dcff3bb40_78494698 .cmsmasters_heading, #cmsmasters_heading_6a078dcff3bb40_78494698 .cmsmasters_heading a { \n\tfont-family:'Roboto Condensed'; \n\tfont-size:18px; \n\tline-height:24px; \n\tfont-weight:600; \n\tfont-style:normal; \n\tcolor:#a8a8a8;\n} \n\n#cmsmasters_heading_6a078dcff3bb40_78494698 .cmsmasters_heading_divider { \n} \n\n \n#cmsmasters_heading_6a078dcff3c1b2_29727980 { \n\ttext-align:left; \n\tmargin-top:0px; \n\tmargin-bottom:20px; \n} \n\n#cmsmasters_heading_6a078dcff3c1b2_29727980 .cmsmasters_heading { \n\ttext-align:left; \n} \n\n#cmsmasters_heading_6a078dcff3c1b2_29727980 .cmsmasters_heading, #cmsmasters_heading_6a078dcff3c1b2_29727980 .cmsmasters_heading a { \n\tfont-size:28px; \n\tfont-weight:600; \n\tfont-style:normal; \n} \n\n#cmsmasters_heading_6a078dcff3c1b2_29727980 .cmsmasters_heading_divider { \n} \n\n \n#cmsmasters_divider_6a078dcff3c6d2_00164687 { \n\tborder-bottom-width:1px; \n\tborder-bottom-style:solid; \n\tpadding-top:0px; \n\tmargin-bottom:40px; \n} \n \n#cmsmasters_row_6a078dcff3e9f9_24707872 .cmsmasters_row_outer_parent { \n\tpadding-top: 0px; \n} \n\n#cmsmasters_row_6a078dcff3e9f9_24707872 .cmsmasters_row_outer_parent { \n\tpadding-bottom: 10px; \n} \n\n \n#cmsmasters_row_6a078dd0005884_35114688 .cmsmasters_row_outer_parent { \n\tpadding-top: 0px; \n} \n\n#cmsmasters_row_6a078dd0005884_35114688 .cmsmasters_row_outer_parent { \n\tpadding-bottom: 40px; \n} \n\n \n#cmsmasters_row_6a078dd0007653_26031046 .cmsmasters_row_outer_parent { \n\tpadding-top: 0px; \n} \n\n#cmsmasters_row_6a078dd0007653_26031046 .cmsmasters_row_outer_parent { \n\tpadding-bottom: 0px; \n} \n\n \n#cmsmasters_divider_6a078dd00093e3_49079021 { \n\tborder-bottom-width:1px; \n\tborder-bottom-style:solid; \n\tpadding-top:0px; \n\tmargin-bottom:40px; \n} \n \n#cmsmasters_row_6a078dd0009928_07466740 .cmsmasters_row_outer_parent { \n\tpadding-bottom: 50px; \n} \n\n \n#cmsmasters_icon_box_6a078dd000b539_54079563 { \n\tborder-width:1px; \n\tbackground-color:#fcfcfc;\n\tborder-color:#e4e4e4;\n} \n\n#cmsmasters_icon_box_6a078dd000b539_54079563:before, \n#cmsmasters_icon_box_6a078dd000b539_54079563 .icon_box_heading:before { \n\tfont-size:30px; \n\tline-height:60px; \n\twidth:60px; \n\theight:60px; \n\tborder-width:0px; \n\t-webkit-border-radius:50%; \n\tborder-radius:50%; \n\tcolor:#ffffff;\n\tbackground-color:#f02830;\n} \n\n#cmsmasters_icon_box_6a078dd000b539_54079563.cmsmasters_icon_heading_left, \n#cmsmasters_icon_box_6a078dd000b539_54079563.cmsmasters_icon_top, \n#cmsmasters_icon_box_6a078dd000b539_54079563.cmsmasters_icon_box_left_top { \n\tpadding:30px 20px; } \n\n#cmsmasters_icon_box_6a078dd000b539_54079563.cmsmasters_icon_top:before { \n\ttop:30px;} \n\n#cmsmasters_icon_box_6a078dd000b539_54079563.cmsmasters_icon_box_left, \n#cmsmasters_icon_box_6a078dd000b539_54079563.cmsmasters_icon_box_left_top { \n\tpadding-left:60px; \n\tmargin-left:30px; \n\t} \n\n#cmsmasters_icon_box_6a078dd000b539_54079563.cmsmasters_icon_box_left:before, \n#cmsmasters_icon_box_6a078dd000b539_54079563.cmsmasters_icon_box_left_top:before { \n\tleft:-30px; \n\t} \n\n#cmsmasters_icon_box_6a078dd000b539_54079563.cmsmasters_icon_box_left_top { \n\tpadding-top:30px; \n\tmargin-top:60px; \n\t} \n\n#cmsmasters_icon_box_6a078dd000b539_54079563.cmsmasters_icon_box_left_top:before { \n\tmargin-top:-30px; \n\t} \n\n \n#cmsmasters_divider_6a078dd000bee3_36763236 { \n\tborder-bottom-width:0px; \n\tborder-bottom-style:solid; \n\tpadding-top:0px; \n\tmargin-bottom:40px; \n} \n \n#cmsmasters_icon_box_6a078dd000c399_41754986 { \n\tborder-width:1px; \n\tbackground-color:#fcfcfc;\n\tborder-color:#e4e4e4;\n} \n\n#cmsmasters_icon_box_6a078dd000c399_41754986:before, \n#cmsmasters_icon_box_6a078dd000c399_41754986 .icon_box_heading:before { \n\tfont-size:30px; \n\tline-height:60px; \n\twidth:60px; \n\theight:60px; \n\tborder-width:0px; \n\t-webkit-border-radius:50%; \n\tborder-radius:50%; \n\tcolor:#ffffff;\n\tbackground-color:#f02830;\n} \n\n#cmsmasters_icon_box_6a078dd000c399_41754986.cmsmasters_icon_heading_left, \n#cmsmasters_icon_box_6a078dd000c399_41754986.cmsmasters_icon_top, \n#cmsmasters_icon_box_6a078dd000c399_41754986.cmsmasters_icon_box_left_top { \n\tpadding:30px 20px; } \n\n#cmsmasters_icon_box_6a078dd000c399_41754986.cmsmasters_icon_top:before { \n\ttop:30px;} \n\n#cmsmasters_icon_box_6a078dd000c399_41754986.cmsmasters_icon_box_left, \n#cmsmasters_icon_box_6a078dd000c399_41754986.cmsmasters_icon_box_left_top { \n\tpadding-left:60px; \n\tmargin-left:30px; \n\t} \n\n#cmsmasters_icon_box_6a078dd000c399_41754986.cmsmasters_icon_box_left:before, \n#cmsmasters_icon_box_6a078dd000c399_41754986.cmsmasters_icon_box_left_top:before { \n\tleft:-30px; \n\t} \n\n#cmsmasters_icon_box_6a078dd000c399_41754986.cmsmasters_icon_box_left_top { \n\tpadding-top:30px; \n\tmargin-top:60px; \n\t} \n\n#cmsmasters_icon_box_6a078dd000c399_41754986.cmsmasters_icon_box_left_top:before { \n\tmargin-top:-30px; \n\t} \n\n \n#cmsmasters_icon_box_6a078dd000d8e8_07799230 { \n\tborder-width:1px; \n\tbackground-color:#fcfcfc;\n\tborder-color:#e4e4e4;\n} \n\n#cmsmasters_icon_box_6a078dd000d8e8_07799230:before, \n#cmsmasters_icon_box_6a078dd000d8e8_07799230 .icon_box_heading:before { \n\tfont-size:30px; \n\tline-height:60px; \n\twidth:60px; \n\theight:60px; \n\tborder-width:0px; \n\t-webkit-border-radius:50%; \n\tborder-radius:50%; \n} \n\n#cmsmasters_icon_box_6a078dd000d8e8_07799230.cmsmasters_icon_heading_left, \n#cmsmasters_icon_box_6a078dd000d8e8_07799230.cmsmasters_icon_top, \n#cmsmasters_icon_box_6a078dd000d8e8_07799230.cmsmasters_icon_box_left_top { \n\tpadding:30px 20px; } \n\n#cmsmasters_icon_box_6a078dd000d8e8_07799230.cmsmasters_icon_top:before { \n\ttop:30px;} \n\n#cmsmasters_icon_box_6a078dd000d8e8_07799230.cmsmasters_icon_box_left, \n#cmsmasters_icon_box_6a078dd000d8e8_07799230.cmsmasters_icon_box_left_top { \n\tpadding-left:60px; \n\tmargin-left:30px; \n\t} \n\n#cmsmasters_icon_box_6a078dd000d8e8_07799230.cmsmasters_icon_box_left:before, \n#cmsmasters_icon_box_6a078dd000d8e8_07799230.cmsmasters_icon_box_left_top:before { \n\tleft:-30px; \n\t} \n\n#cmsmasters_icon_box_6a078dd000d8e8_07799230.cmsmasters_icon_box_left_top { \n\tpadding-top:30px; \n\tmargin-top:60px; \n\t} \n\n#cmsmasters_icon_box_6a078dd000d8e8_07799230.cmsmasters_icon_box_left_top:before { \n\tmargin-top:-30px; \n\t} \n\n \n#cmsmasters_divider_6a078dd000e266_85189721 { \n\tborder-bottom-width:0px; \n\tborder-bottom-style:solid; \n\tpadding-top:0px; \n\tmargin-bottom:40px; \n} \n \n#cmsmasters_icon_box_6a078dd000e6e3_42847577 { \n\tborder-width:1px; \n\tbackground-color:#fcfcfc;\n\tborder-color:#e4e4e4;\n} \n\n#cmsmasters_icon_box_6a078dd000e6e3_42847577:before, \n#cmsmasters_icon_box_6a078dd000e6e3_42847577 .icon_box_heading:before { \n\tfont-size:30px; \n\tline-height:60px; \n\twidth:60px; \n\theight:60px; \n\tborder-width:0px; \n\t-webkit-border-radius:50%; \n\tborder-radius:50%; \n} \n\n#cmsmasters_icon_box_6a078dd000e6e3_42847577.cmsmasters_icon_heading_left, \n#cmsmasters_icon_box_6a078dd000e6e3_42847577.cmsmasters_icon_top, \n#cmsmasters_icon_box_6a078dd000e6e3_42847577.cmsmasters_icon_box_left_top { \n\tpadding:30px 20px; } \n\n#cmsmasters_icon_box_6a078dd000e6e3_42847577.cmsmasters_icon_top:before { \n\ttop:30px;} \n\n#cmsmasters_icon_box_6a078dd000e6e3_42847577.cmsmasters_icon_box_left, \n#cmsmasters_icon_box_6a078dd000e6e3_42847577.cmsmasters_icon_box_left_top { \n\tpadding-left:60px; \n\tmargin-left:30px; \n\t} \n\n#cmsmasters_icon_box_6a078dd000e6e3_42847577.cmsmasters_icon_box_left:before, \n#cmsmasters_icon_box_6a078dd000e6e3_42847577.cmsmasters_icon_box_left_top:before { \n\tleft:-30px; \n\t} \n\n#cmsmasters_icon_box_6a078dd000e6e3_42847577.cmsmasters_icon_box_left_top { \n\tpadding-top:30px; \n\tmargin-top:60px; \n\t} \n\n#cmsmasters_icon_box_6a078dd000e6e3_42847577.cmsmasters_icon_box_left_top:before { \n\tmargin-top:-30px; \n\t} \n\n<\/style><div id=\"cmsmasters_row_6a078dcff39b43_86796410\" class=\"cmsmasters_row cmsmasters_color_scheme_default cmsmasters_row_top_default cmsmasters_row_bot_default cmsmasters_row_boxed\">\n<div class=\"cmsmasters_row_outer_parent\">\n<div class=\"cmsmasters_row_outer\">\n<div class=\"cmsmasters_row_inner\">\n<div class=\"cmsmasters_row_margin\">\n<div class=\"cmsmasters_column one_first\">\n\n<div id=\"cmsmasters_heading_6a078dcff3bb40_78494698\" class=\"cmsmasters_heading_wrap cmsmasters_heading_align_left\">\n\t<h3 class=\"cmsmasters_heading\">Unsere Dienstleistungen<\/h3>\n<\/div>\n<div id=\"cmsmasters_heading_6a078dcff3c1b2_29727980\" class=\"cmsmasters_heading_wrap cmsmasters_heading_align_left\">\n\t<h1 class=\"cmsmasters_heading\">INTERNATIONALER WARENTRANSPORT<\/h1>\n<\/div>\n\n<div id=\"cmsmasters_divider_6a078dcff3c6d2_00164687\" class=\"cmsmasters_divider cmsmasters_divider_width_long cmsmasters_divider_pos_center\"><\/div>\n<div class=\"cmsmasters_text\">\n<p>Die Firma OLALINA TRANS bietet Ihnen L\u00f6sungen f\u00fcr den G\u00fctertransport mit LKWs, die mit Planenanh\u00e4ngern, K\u00fchlanh\u00e4ngern oder geschlossenen Transportern ausgestattet sind, <strong>beide f\u00fcr Export und Import:<\/strong><\/p>\n<\/div>\n<\/div>\n<\/div>\n<\/div>\n<\/div>\n<\/div>\n<\/div>\n<div id=\"cmsmasters_row_6a078dcff3e9f9_24707872\" class=\"cmsmasters_row cmsmasters_color_scheme_default cmsmasters_row_top_default cmsmasters_row_bot_default cmsmasters_row_boxed\">\n<div class=\"cmsmasters_row_outer_parent\">\n<div class=\"cmsmasters_row_outer\">\n<div class=\"cmsmasters_row_inner\">\n<div class=\"cmsmasters_row_margin\">\n<div class=\"cmsmasters_column one_half\">\n<div class=\"cmsmasters_content_slider_wrap\" style=\"max-width:580px;\">\n<script type=\"text\/javascript\">jQuery(document).ready(function () { jQuery(\"#cmsmasters_slider_6a078dcff402e5_09018203.cmsmasters_content_slider\").owlCarousel( { singleItem : true, transitionStyle: false, rewindSpeed : 1000, slideSpeed : 600, autoHeight : true, paginationSpeed : \t600, autoPlay : 7000,navigationText : \t[ \"<span class=\\\"cmsmasters_prev_arrow\\\"><span><\/span><\/span>\", \"<span class=\\\"cmsmasters_next_arrow\\\"><span><\/span><\/span>\" ] } );} );<\/script>\n<div id=\"cmsmasters_slider_6a078dcff402e5_09018203\" class=\"cmsmasters_content_slider cmsmasters_owl_slider owl-carousel\">\n<div class=\"cmsmasters_content_slider_item\"><img loading=\"lazy\" decoding=\"async\" width=\"580\" height=\"350\" src=\"https:\/\/olalina-trans.md\/wp-content\/uploads\/Transport-Cargo\/transportation-logistics-olalina-transport-580x350.jpg\" class=\"attachment-cmsmasters-blog-masonry-thumb size-cmsmasters-blog-masonry-thumb\" alt=\"\" \/><\/div><div class=\"cmsmasters_content_slider_item\"><img loading=\"lazy\" decoding=\"async\" width=\"580\" height=\"350\" src=\"https:\/\/olalina-trans.md\/wp-content\/uploads\/Transport-Cargo\/transport-daf-euro-6-moldova-580x350.jpg\" class=\"attachment-cmsmasters-blog-masonry-thumb size-cmsmasters-blog-masonry-thumb\" alt=\"\" \/><\/div><div class=\"cmsmasters_content_slider_item\"><img loading=\"lazy\" decoding=\"async\" width=\"580\" height=\"350\" src=\"https:\/\/olalina-trans.md\/wp-content\/uploads\/Transport-Cargo\/transport-daf-euro-6-moldova-germania-olanda-franta-580x350.jpg\" class=\"attachment-cmsmasters-blog-masonry-thumb size-cmsmasters-blog-masonry-thumb\" alt=\"\" \/><\/div><\/div>\n<\/div>\n<\/div>\n<div class=\"cmsmasters_column one_half\">\n<div class=\"cmsmasters_text\">\n<ul>\n<li>Volle Lkw-Ladungen (FTL),<\/li>\n<li>Sammelgut, teilbeladener Lastkraftwagen (LTL)<\/li>\n<li>Temperaturgef\u00fchrter Transport (Termo oder Frigo)<\/li>\n<li>Gefahrg\u00fctern<\/li>\n<li>Transport von Seecontainern<\/li>\n<li>Hochsicherheitstransport<\/li>\n<\/ul>\n<\/div>\n<\/div>\n<\/div>\n<\/div>\n<\/div>\n<\/div>\n<\/div>\n<div id=\"cmsmasters_row_6a078dd0005884_35114688\" class=\"cmsmasters_row cmsmasters_color_scheme_default cmsmasters_row_top_default cmsmasters_row_bot_default cmsmasters_row_boxed\">\n<div class=\"cmsmasters_row_outer_parent\">\n<div class=\"cmsmasters_row_outer\">\n<div class=\"cmsmasters_row_inner\">\n<div class=\"cmsmasters_row_margin\">\n<div class=\"cmsmasters_column one_first\">\n<div class=\"cmsmasters_text\">\n<p>OLALINA-TRANS kann Ihnen auch Transportl\u00f6sungen im &#8222;ONE WAY&#8221;-System &#8211; individuelle Steuerung oder &#8222;DEDICATED FLEET&#8221; &#8211; anbieten, bei denen eine bestimmte Kapazit\u00e4t und Verf\u00fcgbarkeit garantiert werden kann. Diese letztgenannte komplexe Variante bietet dem Kunden einen Wettbewerbsvorteil, da er \u00fcber eine ausreichende Kapazit\u00e4t sowie einen optimierten Be- und Entladeprozess zu wettbewerbsf\u00e4higen und stabilen Tarifen das ganze Jahr \u00fcber verf\u00fcgt.<\/p>\n<\/div>\n<div class=\"cmsmasters_text\">\n<p>Unsere Kunden sind in verschiedenen Branchen und T\u00e4tigkeitsbereichen t\u00e4tig &#8211; Importeure, H\u00e4ndler, Hersteller (M\u00f6bel, Automobil, Textil, Lebensmittel). F\u00fcr jeden einzelnen Kunden haben wir versucht, die spezifischen Anforderungen der jeweiligen Branche so gut wie m\u00f6glich zu erf\u00fcllen.<\/p>\n<p>Wir verf\u00fcgen \u00fcber eine eigene Lkw-Flotte mit eigenen Fahrern, um h\u00f6chste Qualit\u00e4t und Kapazit\u00e4t zu<br \/>\ngew\u00e4hrleisten, und nutzen gleichzeitig die Fahrzeuge unseres Netzes von Subunternehmern, um die Flexibilit\u00e4t und die Versicherung aller Ladungen zu erh\u00f6hen.<\/p>\n<\/div>\n<\/div>\n<\/div>\n<\/div>\n<\/div>\n<\/div>\n<\/div>\n<div id=\"cmsmasters_row_6a078dd0007653_26031046\" class=\"cmsmasters_row cmsmasters_color_scheme_default cmsmasters_row_top_default cmsmasters_row_bot_default cmsmasters_row_boxed\">\n<div class=\"cmsmasters_row_outer_parent\">\n<div class=\"cmsmasters_row_outer\">\n<div class=\"cmsmasters_row_inner\">\n<div class=\"cmsmasters_row_margin\">\n<div class=\"cmsmasters_column one_first\">\n<div class=\"cmsmasters_text\">\n<h1><strong>VON UNSEREN <span style=\"color: #ed1c24;\">PARTNERSCHAFTEN PROFITIEREN:<\/span><\/strong><\/h1>\n<\/div>\n\n<div id=\"cmsmasters_divider_6a078dd00093e3_49079021\" class=\"cmsmasters_divider cmsmasters_divider_width_long cmsmasters_divider_pos_center\"><\/div>\n<\/div>\n<\/div>\n<\/div>\n<\/div>\n<\/div>\n<\/div>\n<div id=\"cmsmasters_row_6a078dd0009928_07466740\" class=\"cmsmasters_row cmsmasters_color_scheme_default cmsmasters_row_top_default cmsmasters_row_bot_default cmsmasters_row_boxed\">\n<div class=\"cmsmasters_row_outer_parent\">\n<div class=\"cmsmasters_row_outer\">\n<div class=\"cmsmasters_row_inner\">\n<div class=\"cmsmasters_row_margin\">\n<div class=\"cmsmasters_column one_half\">\n\n<div id=\"cmsmasters_icon_box_6a078dd000b539_54079563\" class=\"cmsmasters_icon_box cmsmasters_icon_box_left_top box_icon_type_icon cmsmasters-icon-custom-10\">\n<div class=\"icon_box_inner\">\n<h3 class=\"icon_box_heading\">SICHERER TRANSPORT<\/h3>\n<div class=\"icon_box_text\">\n<p><span style=\"color: #333333;\">Um internationale Transporte durchf\u00fchren zu k\u00f6nnen, verf\u00fcgt jedes Fahrzeug \u00fcber eine CMR-Ladungsversicherung mit einer Haftungssumme von 300.000 \u20ac. Ihre Waren werden sicher transporiert.<\/span><\/p>\n<\/div>\n<\/div>\n<\/div>\n\n<div id=\"cmsmasters_divider_6a078dd000bee3_36763236\" class=\"cl\"><\/div>\n\n<div id=\"cmsmasters_icon_box_6a078dd000c399_41754986\" class=\"cmsmasters_icon_box cmsmasters_icon_box_left_top box_icon_type_icon cmsmasters-icon-custom-18\">\n<div class=\"icon_box_inner\">\n<h3 class=\"icon_box_heading\">FLEXIBILITAT &amp; LEISTUNGSF\u00c4HIGKEIT<\/h3>\n<div class=\"icon_box_text\">\n<p><span style=\"color: #333333;\">Durch unsere Transportdienstleistungen stellen wir sicher, dass Ihre Waren rechtzeitig an ihrem Zielort geliefert werden. Vertrauen Sie unsere Qualit\u00e4t &amp; Zuverl\u00e4ssigkeit.<\/span><\/p>\n<\/div>\n<\/div>\n<\/div>\n<\/div>\n<div class=\"cmsmasters_column one_half\">\n\n<div id=\"cmsmasters_icon_box_6a078dd000d8e8_07799230\" class=\"cmsmasters_icon_box cmsmasters_icon_box_left_top box_icon_type_icon cmsmasters-icon-custom-01\">\n<div class=\"icon_box_inner\">\n<h3 class=\"icon_box_heading\">MODERNER &amp; SPEZIALISIERTER FUHRPARK:<\/h3>\n<div class=\"icon_box_text\">\n<p>OLALINA-TRANS verf\u00fcgt \u00fcber eine moderne Flotte von EURO 4- und EURO 6-Standard-LKWs, die ein H\u00f6chstma\u00df an Qualit\u00e4t und Flexibilit\u00e4t beim Transport garantieren.<\/p>\n<\/div>\n<\/div>\n<\/div>\n\n<div id=\"cmsmasters_divider_6a078dd000e266_85189721\" class=\"cl\"><\/div>\n\n<div id=\"cmsmasters_icon_box_6a078dd000e6e3_42847577\" class=\"cmsmasters_icon_box cmsmasters_icon_box_left_top box_icon_type_icon cmsmasters-icon-custom-08\">\n<div class=\"icon_box_inner\">\n<h3 class=\"icon_box_heading\">ECHTZEIT-GPS-\u00dcBERWACHUNG<\/h3>\n<div class=\"icon_box_text\">\n<p>Alle unsere Lkw werden per Satellit \u00fcberwacht, um die Transparenz f\u00fcr den Kunden zu erh\u00f6hen und effizient zu sein. OLALINA-TRANS sichert Ihre Fracht auf die sicherste Art und Weise.<\/p>\n<\/div>\n<\/div>\n<\/div>\n<\/div>\n<\/div>\n<\/div>\n<\/div>\n<\/div>\n<\/div>\n\n","protected":false},"excerpt":{"rendered":"","protected":false},"author":1,"featured_media":0,"parent":0,"menu_order":0,"comment_status":"closed","ping_status":"closed","template":"","meta":{"_monsterinsights_skip_tracking":false,"_monsterinsights_sitenote_active":false,"_monsterinsights_sitenote_note":"","_monsterinsights_sitenote_category":0,"footnotes":""},"class_list":["post-7970","page","type-page","status-publish","hentry"],"aioseo_notices":[],"_links":{"self":[{"href":"https:\/\/olalina-trans.md\/index.php\/wp-json\/wp\/v2\/pages\/7970","targetHints":{"allow":["GET"]}}],"collection":[{"href":"https:\/\/olalina-trans.md\/index.php\/wp-json\/wp\/v2\/pages"}],"about":[{"href":"https:\/\/olalina-trans.md\/index.php\/wp-json\/wp\/v2\/types\/page"}],"author":[{"embeddable":true,"href":"https:\/\/olalina-trans.md\/index.php\/wp-json\/wp\/v2\/users\/1"}],"replies":[{"embeddable":true,"href":"https:\/\/olalina-trans.md\/index.php\/wp-json\/wp\/v2\/comments?post=7970"}],"version-history":[{"count":6,"href":"https:\/\/olalina-trans.md\/index.php\/wp-json\/wp\/v2\/pages\/7970\/revisions"}],"predecessor-version":[{"id":7989,"href":"https:\/\/olalina-trans.md\/index.php\/wp-json\/wp\/v2\/pages\/7970\/revisions\/7989"}],"wp:attachment":[{"href":"https:\/\/olalina-trans.md\/index.php\/wp-json\/wp\/v2\/media?parent=7970"}],"curies":[{"name":"wp","href":"https:\/\/api.w.org\/{rel}","templated":true}]}}