{"id":7748,"date":"2021-03-01T18:00:48","date_gmt":"2021-03-01T18:00:48","guid":{"rendered":"http:\/\/olalina-trans.md\/?page_id=7748"},"modified":"2021-03-01T18:56:05","modified_gmt":"2021-03-01T18:56:05","slug":"transport-de-grupaj","status":"publish","type":"page","link":"https:\/\/olalina-trans.md\/index.php\/transport-de-grupaj\/","title":{"rendered":"Transport \u00een regim de grupaj"},"content":{"rendered":"<style type=\"text\/css\"> \n#cmsmasters_row_69dc5ab6e86f08_17285909 .cmsmasters_row_outer_parent { \n\tpadding-top: 0px; \n} \n\n#cmsmasters_row_69dc5ab6e86f08_17285909 .cmsmasters_row_outer_parent { \n\tpadding-bottom: 10px; \n} \n\n \n#cmsmasters_heading_69dc5ab6e89ad5_95303634 { \n\ttext-align:left; \n\tmargin-top:0px; \n\tmargin-bottom:0px; \n} \n\n#cmsmasters_heading_69dc5ab6e89ad5_95303634 .cmsmasters_heading { \n\ttext-align:left; \n} \n\n#cmsmasters_heading_69dc5ab6e89ad5_95303634 .cmsmasters_heading, #cmsmasters_heading_69dc5ab6e89ad5_95303634 .cmsmasters_heading a { \n\tfont-family:'Roboto Condensed'; \n\tfont-size:18px; \n\tline-height:24px; \n\tfont-weight:600; \n\tfont-style:normal; \n\tcolor:#a8a8a8;\n} \n\n#cmsmasters_heading_69dc5ab6e89ad5_95303634 .cmsmasters_heading_divider { \n} \n\n \n#cmsmasters_heading_69dc5ab6e8a262_19821299 { \n\ttext-align:left; \n\tmargin-top:0px; \n\tmargin-bottom:20px; \n} \n\n#cmsmasters_heading_69dc5ab6e8a262_19821299 .cmsmasters_heading { \n\ttext-align:left; \n} \n\n#cmsmasters_heading_69dc5ab6e8a262_19821299 .cmsmasters_heading, #cmsmasters_heading_69dc5ab6e8a262_19821299 .cmsmasters_heading a { \n\tfont-size:28px; \n\tfont-weight:600; \n\tfont-style:normal; \n} \n\n#cmsmasters_heading_69dc5ab6e8a262_19821299 .cmsmasters_heading_divider { \n} \n\n \n#cmsmasters_divider_69dc5ab6e8a7d5_48302461 { \n\tborder-bottom-width:1px; \n\tborder-bottom-style:solid; \n\tpadding-top:0px; \n\tmargin-bottom:40px; \n} \n \n#cmsmasters_row_69dc5ab6e8ce73_74500504 .cmsmasters_row_outer_parent { \n\tpadding-top: 0px; \n} \n\n#cmsmasters_row_69dc5ab6e8ce73_74500504 .cmsmasters_row_outer_parent { \n\tpadding-bottom: 10px; \n} \n\n \n#cmsmasters_row_69dc5ab6e97626_96105225 .cmsmasters_row_outer_parent { \n\tpadding-top: 0px; \n} \n\n#cmsmasters_row_69dc5ab6e97626_96105225 .cmsmasters_row_outer_parent { \n\tpadding-bottom: 40px; \n} \n\n \n#cmsmasters_row_69dc5ab6e99a05_77384443 .cmsmasters_row_outer_parent { \n\tpadding-top: 0px; \n} \n\n#cmsmasters_row_69dc5ab6e99a05_77384443 .cmsmasters_row_outer_parent { \n\tpadding-bottom: 0px; \n} \n\n \n#cmsmasters_divider_69dc5ab6e9ba75_42516533 { \n\tborder-bottom-width:1px; \n\tborder-bottom-style:solid; \n\tpadding-top:0px; \n\tmargin-bottom:40px; \n} \n \n#cmsmasters_row_69dc5ab6e9c004_78308831 .cmsmasters_row_outer_parent { \n\tpadding-bottom: 50px; \n} \n\n \n#cmsmasters_icon_box_69dc5ab6e9dc41_16851852 { \n\tborder-width:1px; \n\tbackground-color:#fcfcfc;\n\tborder-color:#e4e4e4;\n} \n\n#cmsmasters_icon_box_69dc5ab6e9dc41_16851852:before, \n#cmsmasters_icon_box_69dc5ab6e9dc41_16851852 .icon_box_heading:before { \n\tfont-size:30px; \n\tline-height:60px; \n\twidth:60px; \n\theight:60px; \n\tborder-width:0px; \n\t-webkit-border-radius:50%; \n\tborder-radius:50%; \n\tcolor:#ffffff;\n\tbackground-color:#f02830;\n} \n\n#cmsmasters_icon_box_69dc5ab6e9dc41_16851852.cmsmasters_icon_heading_left, \n#cmsmasters_icon_box_69dc5ab6e9dc41_16851852.cmsmasters_icon_top, \n#cmsmasters_icon_box_69dc5ab6e9dc41_16851852.cmsmasters_icon_box_left_top { \n\tpadding:30px 20px; } \n\n#cmsmasters_icon_box_69dc5ab6e9dc41_16851852.cmsmasters_icon_top:before { \n\ttop:30px;} \n\n#cmsmasters_icon_box_69dc5ab6e9dc41_16851852.cmsmasters_icon_box_left, \n#cmsmasters_icon_box_69dc5ab6e9dc41_16851852.cmsmasters_icon_box_left_top { \n\tpadding-left:60px; \n\tmargin-left:30px; \n\t} \n\n#cmsmasters_icon_box_69dc5ab6e9dc41_16851852.cmsmasters_icon_box_left:before, \n#cmsmasters_icon_box_69dc5ab6e9dc41_16851852.cmsmasters_icon_box_left_top:before { \n\tleft:-30px; \n\t} \n\n#cmsmasters_icon_box_69dc5ab6e9dc41_16851852.cmsmasters_icon_box_left_top { \n\tpadding-top:30px; \n\tmargin-top:60px; \n\t} \n\n#cmsmasters_icon_box_69dc5ab6e9dc41_16851852.cmsmasters_icon_box_left_top:before { \n\tmargin-top:-30px; \n\t} \n\n \n#cmsmasters_divider_69dc5ab6e9e5b0_13781175 { \n\tborder-bottom-width:0px; \n\tborder-bottom-style:solid; \n\tpadding-top:0px; \n\tmargin-bottom:40px; \n} \n \n#cmsmasters_icon_box_69dc5ab6e9ea83_69620257 { \n\tborder-width:1px; \n\tbackground-color:#fcfcfc;\n\tborder-color:#e4e4e4;\n} \n\n#cmsmasters_icon_box_69dc5ab6e9ea83_69620257:before, \n#cmsmasters_icon_box_69dc5ab6e9ea83_69620257 .icon_box_heading:before { \n\tfont-size:30px; \n\tline-height:60px; \n\twidth:60px; \n\theight:60px; \n\tborder-width:0px; \n\t-webkit-border-radius:50%; \n\tborder-radius:50%; \n\tcolor:#ffffff;\n\tbackground-color:#f02830;\n} \n\n#cmsmasters_icon_box_69dc5ab6e9ea83_69620257.cmsmasters_icon_heading_left, \n#cmsmasters_icon_box_69dc5ab6e9ea83_69620257.cmsmasters_icon_top, \n#cmsmasters_icon_box_69dc5ab6e9ea83_69620257.cmsmasters_icon_box_left_top { \n\tpadding:30px 20px; } \n\n#cmsmasters_icon_box_69dc5ab6e9ea83_69620257.cmsmasters_icon_top:before { \n\ttop:30px;} \n\n#cmsmasters_icon_box_69dc5ab6e9ea83_69620257.cmsmasters_icon_box_left, \n#cmsmasters_icon_box_69dc5ab6e9ea83_69620257.cmsmasters_icon_box_left_top { \n\tpadding-left:60px; \n\tmargin-left:30px; \n\t} \n\n#cmsmasters_icon_box_69dc5ab6e9ea83_69620257.cmsmasters_icon_box_left:before, \n#cmsmasters_icon_box_69dc5ab6e9ea83_69620257.cmsmasters_icon_box_left_top:before { \n\tleft:-30px; \n\t} \n\n#cmsmasters_icon_box_69dc5ab6e9ea83_69620257.cmsmasters_icon_box_left_top { \n\tpadding-top:30px; \n\tmargin-top:60px; \n\t} \n\n#cmsmasters_icon_box_69dc5ab6e9ea83_69620257.cmsmasters_icon_box_left_top:before { \n\tmargin-top:-30px; \n\t} \n\n \n#cmsmasters_icon_box_69dc5ab6e9ff06_01146591 { \n\tborder-width:1px; \n\tbackground-color:#fcfcfc;\n\tborder-color:#e4e4e4;\n} \n\n#cmsmasters_icon_box_69dc5ab6e9ff06_01146591:before, \n#cmsmasters_icon_box_69dc5ab6e9ff06_01146591 .icon_box_heading:before { \n\tfont-size:30px; \n\tline-height:60px; \n\twidth:60px; \n\theight:60px; \n\tborder-width:0px; \n\t-webkit-border-radius:50%; \n\tborder-radius:50%; \n} \n\n#cmsmasters_icon_box_69dc5ab6e9ff06_01146591.cmsmasters_icon_heading_left, \n#cmsmasters_icon_box_69dc5ab6e9ff06_01146591.cmsmasters_icon_top, \n#cmsmasters_icon_box_69dc5ab6e9ff06_01146591.cmsmasters_icon_box_left_top { \n\tpadding:30px 20px; } \n\n#cmsmasters_icon_box_69dc5ab6e9ff06_01146591.cmsmasters_icon_top:before { \n\ttop:30px;} \n\n#cmsmasters_icon_box_69dc5ab6e9ff06_01146591.cmsmasters_icon_box_left, \n#cmsmasters_icon_box_69dc5ab6e9ff06_01146591.cmsmasters_icon_box_left_top { \n\tpadding-left:60px; \n\tmargin-left:30px; \n\t} \n\n#cmsmasters_icon_box_69dc5ab6e9ff06_01146591.cmsmasters_icon_box_left:before, \n#cmsmasters_icon_box_69dc5ab6e9ff06_01146591.cmsmasters_icon_box_left_top:before { \n\tleft:-30px; \n\t} \n\n#cmsmasters_icon_box_69dc5ab6e9ff06_01146591.cmsmasters_icon_box_left_top { \n\tpadding-top:30px; \n\tmargin-top:60px; \n\t} \n\n#cmsmasters_icon_box_69dc5ab6e9ff06_01146591.cmsmasters_icon_box_left_top:before { \n\tmargin-top:-30px; \n\t} \n\n \n#cmsmasters_divider_69dc5ab6ea07d3_36448990 { \n\tborder-bottom-width:0px; \n\tborder-bottom-style:solid; \n\tpadding-top:0px; \n\tmargin-bottom:40px; \n} \n \n#cmsmasters_icon_box_69dc5ab6ea0c79_04597395 { \n\tborder-width:1px; \n\tbackground-color:#fcfcfc;\n\tborder-color:#e4e4e4;\n} \n\n#cmsmasters_icon_box_69dc5ab6ea0c79_04597395:before, \n#cmsmasters_icon_box_69dc5ab6ea0c79_04597395 .icon_box_heading:before { \n\tfont-size:30px; \n\tline-height:60px; \n\twidth:60px; \n\theight:60px; \n\tborder-width:0px; \n\t-webkit-border-radius:50%; \n\tborder-radius:50%; \n} \n\n#cmsmasters_icon_box_69dc5ab6ea0c79_04597395.cmsmasters_icon_heading_left, \n#cmsmasters_icon_box_69dc5ab6ea0c79_04597395.cmsmasters_icon_top, \n#cmsmasters_icon_box_69dc5ab6ea0c79_04597395.cmsmasters_icon_box_left_top { \n\tpadding:30px 20px; } \n\n#cmsmasters_icon_box_69dc5ab6ea0c79_04597395.cmsmasters_icon_top:before { \n\ttop:30px;} \n\n#cmsmasters_icon_box_69dc5ab6ea0c79_04597395.cmsmasters_icon_box_left, \n#cmsmasters_icon_box_69dc5ab6ea0c79_04597395.cmsmasters_icon_box_left_top { \n\tpadding-left:60px; \n\tmargin-left:30px; \n\t} \n\n#cmsmasters_icon_box_69dc5ab6ea0c79_04597395.cmsmasters_icon_box_left:before, \n#cmsmasters_icon_box_69dc5ab6ea0c79_04597395.cmsmasters_icon_box_left_top:before { \n\tleft:-30px; \n\t} \n\n#cmsmasters_icon_box_69dc5ab6ea0c79_04597395.cmsmasters_icon_box_left_top { \n\tpadding-top:30px; \n\tmargin-top:60px; \n\t} \n\n#cmsmasters_icon_box_69dc5ab6ea0c79_04597395.cmsmasters_icon_box_left_top:before { \n\tmargin-top:-30px; \n\t} \n\n<\/style><div id=\"cmsmasters_row_69dc5ab6e86f08_17285909\" class=\"cmsmasters_row cmsmasters_color_scheme_default cmsmasters_row_top_default cmsmasters_row_bot_default cmsmasters_row_boxed\">\n<div class=\"cmsmasters_row_outer_parent\">\n<div class=\"cmsmasters_row_outer\">\n<div class=\"cmsmasters_row_inner\">\n<div class=\"cmsmasters_row_margin\">\n<div class=\"cmsmasters_column one_first\">\n\n<div id=\"cmsmasters_heading_69dc5ab6e89ad5_95303634\" class=\"cmsmasters_heading_wrap cmsmasters_heading_align_left\">\n\t<h3 class=\"cmsmasters_heading\">Servicii<\/h3>\n<\/div>\n<div id=\"cmsmasters_heading_69dc5ab6e8a262_19821299\" class=\"cmsmasters_heading_wrap cmsmasters_heading_align_left\">\n\t<h1 class=\"cmsmasters_heading\">TRANSPORT \u00ceN REGIM DE GRUPAJ<\/h1>\n<\/div>\n\n<div id=\"cmsmasters_divider_69dc5ab6e8a7d5_48302461\" class=\"cmsmasters_divider cmsmasters_divider_width_long cmsmasters_divider_pos_center\"><\/div>\n<div class=\"cmsmasters_text\">\n<p><strong>Compania OLALINA TRANS v\u0103 ofer\u0103 solu\u021bii de transporturi \u00een regim de grupaj<\/strong> pentru a v\u0103 ajuta de a transmite zeci de pachete c\u0103tre destinatari \u00een loca\u021bii diferite cu preg\u0103tirea unui plan corespunz\u0103tor pentru a minimaliza costurile de logistic\u0103 ale \u00eentregii opera\u021biuni. Vorbim de produse prelucrate \u0219i produse finite care pot fi ambalate \u00eentr-un ambalaj unitar sau colectiv.<\/p>\n<\/div>\n<\/div>\n<\/div>\n<\/div>\n<\/div>\n<\/div>\n<\/div>\n<div id=\"cmsmasters_row_69dc5ab6e8ce73_74500504\" class=\"cmsmasters_row cmsmasters_color_scheme_default cmsmasters_row_top_default cmsmasters_row_bot_default cmsmasters_row_boxed\">\n<div class=\"cmsmasters_row_outer_parent\">\n<div class=\"cmsmasters_row_outer\">\n<div class=\"cmsmasters_row_inner\">\n<div class=\"cmsmasters_row_margin\">\n<div class=\"cmsmasters_column one_half\">\n<div class=\"cmsmasters_content_slider_wrap\" style=\"max-width:580px;\">\n<script type=\"text\/javascript\">jQuery(document).ready(function () { jQuery(\"#cmsmasters_slider_69dc5ab6e8e850_50133673.cmsmasters_content_slider\").owlCarousel( { singleItem : true, transitionStyle: false, rewindSpeed : 1000, slideSpeed : 600, autoHeight : true, paginationSpeed : \t600, autoPlay : 7000,navigationText : \t[ \"<span class=\\\"cmsmasters_prev_arrow\\\"><span><\/span><\/span>\", \"<span class=\\\"cmsmasters_next_arrow\\\"><span><\/span><\/span>\" ] } );} );<\/script>\n<div id=\"cmsmasters_slider_69dc5ab6e8e850_50133673\" class=\"cmsmasters_content_slider cmsmasters_owl_slider owl-carousel\">\n<div class=\"cmsmasters_content_slider_item\"><img loading=\"lazy\" decoding=\"async\" width=\"580\" height=\"350\" src=\"https:\/\/olalina-trans.md\/wp-content\/uploads\/Transport-grupaj\/DAF-6-Euro-Moldova-580x350.jpg\" class=\"attachment-cmsmasters-blog-masonry-thumb size-cmsmasters-blog-masonry-thumb\" alt=\"\" \/><\/div><div class=\"cmsmasters_content_slider_item\"><img loading=\"lazy\" decoding=\"async\" width=\"580\" height=\"350\" src=\"https:\/\/olalina-trans.md\/wp-content\/uploads\/Transport-grupaj\/transport-grupaj-moldova-europa-580x350.jpg\" class=\"attachment-cmsmasters-blog-masonry-thumb size-cmsmasters-blog-masonry-thumb\" alt=\"\" \/><\/div><div class=\"cmsmasters_content_slider_item\"><img loading=\"lazy\" decoding=\"async\" width=\"580\" height=\"350\" src=\"https:\/\/olalina-trans.md\/wp-content\/uploads\/Transport-grupaj\/transport-grupaj-olalina-transport-580x350.jpg\" class=\"attachment-cmsmasters-blog-masonry-thumb size-cmsmasters-blog-masonry-thumb\" alt=\"\" \/><\/div><\/div>\n<\/div>\n<\/div>\n<div class=\"cmsmasters_column one_half\">\n<div class=\"cmsmasters_text\">\n<p>Caracteristicile principale ale transportului \u00een regim de grupaj sunt:<\/p>\n<ul>\n<li>Un num\u0103r mare de expeditori \u0219i destinatari, dispersa\u021bi<\/li>\n<li>O mas\u0103 unitar\u0103 relativ mic\u0103<\/li>\n<li>O varietate de forme \u0219i ambalaje<\/li>\n<li>Cumularea \u00eentr-o livrare colectiv\u0103<\/li>\n<\/ul>\n<\/div>\n<\/div>\n<\/div>\n<\/div>\n<\/div>\n<\/div>\n<\/div>\n<div id=\"cmsmasters_row_69dc5ab6e97626_96105225\" class=\"cmsmasters_row cmsmasters_color_scheme_default cmsmasters_row_top_default cmsmasters_row_bot_default cmsmasters_row_boxed\">\n<div class=\"cmsmasters_row_outer_parent\">\n<div class=\"cmsmasters_row_outer\">\n<div class=\"cmsmasters_row_inner\">\n<div class=\"cmsmasters_row_margin\">\n<div class=\"cmsmasters_column one_first\">\n<div class=\"cmsmasters_text\">\n<p>Acestea trebuie s\u0103 aib\u0103 o form\u0103 fix\u0103 extern\u0103, \u0219i, \u00een acela\u0219i timp, s\u0103 nu poat\u0103 fi defalcate \u00een timpul transport\u0103rii.<\/p>\n<p>Este de asemenea important\u0103 posibilitatea de a le c\u00e2nt\u0103ri \u0219i num\u0103ra.<\/p>\n<p>Taxa pentru transportul \u00een regim de grupaj este efectuat\u0103 \u00een urma c\u00e2nt\u0103ririi sau calcul\u0103rii efective a \u00eenc\u0103rc\u0103turii.<\/p>\n<p>Dac\u0103 ave\u021bi nevoie s\u0103 transporta\u021bi un lot mic de marf\u0103, transportul de grupaj este o modalitate de livrare flexibil\u0103, sigur\u0103 \u0219i, mai ales, rentabil\u0103 pentru afacerea dvs.<\/p>\n<\/div>\n<div class=\"cmsmasters_text\">\n<p>Exist\u0103 o list\u0103 destul de mare de tipuri de marf\u0103 care nu pot fi trimise prin transportul \u00een regim de grupaj.<\/p>\n<p><em>Acestea includ plantele vii, animalele, armele, materialul explozibil, alimentele, bijuteriile sau valori mobiliare. Acest lucru se datoreaz\u0103 \u00een principal propriet\u0103\u021bilor specifice ale unei astfel de \u00eenc\u0103rc\u0103turi.<\/em><\/p>\n<blockquote>\n<p>Pentru clien\u021bii de transport \u00een regim de grupaj, \u00een afar\u0103 de pre\u021bul transportului, cel mai important este timpul de tranzit al coletului, iar acesta ar trebui s\u0103 fie c\u00e2t mai apropiat de timpul de tranzit \u00een regim full-truck!<\/p>\n<\/blockquote>\n<p>De aceea, important\u0103 pentru eficacitatea transportului \u00een regim de grupaj este colaborarea cu un partener de \u00eencredere, iar \u00een cazul nostru siguran\u021ba \u0219i rapiditatea este garantat\u0103 doar de <strong><span style=\"box-shadow: inset 0px -3px 0px #ee252c;\">OLALINA TRANS S.R.L.<\/span><\/strong><\/p>\n<\/div>\n<\/div>\n<\/div>\n<\/div>\n<\/div>\n<\/div>\n<\/div>\n<div id=\"cmsmasters_row_69dc5ab6e99a05_77384443\" class=\"cmsmasters_row cmsmasters_color_scheme_default cmsmasters_row_top_default cmsmasters_row_bot_default cmsmasters_row_boxed\">\n<div class=\"cmsmasters_row_outer_parent\">\n<div class=\"cmsmasters_row_outer\">\n<div class=\"cmsmasters_row_inner\">\n<div class=\"cmsmasters_row_margin\">\n<div class=\"cmsmasters_column one_first\">\n<div class=\"cmsmasters_text\">\n<h1><strong>BENEFICIILE DE LA <span style=\"color: #ed1c24;\">PARTENERIATUL CU OLALINA TRANS:<\/span><\/strong><\/h1>\n<\/div>\n\n<div id=\"cmsmasters_divider_69dc5ab6e9ba75_42516533\" class=\"cmsmasters_divider cmsmasters_divider_width_long cmsmasters_divider_pos_center\"><\/div>\n<\/div>\n<\/div>\n<\/div>\n<\/div>\n<\/div>\n<\/div>\n<div id=\"cmsmasters_row_69dc5ab6e9c004_78308831\" class=\"cmsmasters_row cmsmasters_color_scheme_default cmsmasters_row_top_default cmsmasters_row_bot_default cmsmasters_row_boxed\">\n<div class=\"cmsmasters_row_outer_parent\">\n<div class=\"cmsmasters_row_outer\">\n<div class=\"cmsmasters_row_inner\">\n<div class=\"cmsmasters_row_margin\">\n<div class=\"cmsmasters_column one_half\">\n\n<div id=\"cmsmasters_icon_box_69dc5ab6e9dc41_16851852\" class=\"cmsmasters_icon_box cmsmasters_icon_box_left_top box_icon_type_icon cmsmasters-icon-custom-10\">\n<div class=\"icon_box_inner\">\n<h3 class=\"icon_box_heading\">100% TRANSPORT \u00ceN SIGURAN\u021a\u0102<\/h3>\n<div class=\"icon_box_text\">\n<p><span style=\"color: #333333;\">Pentru a realiza transportul interna\u021bional fiecare vehicul dispune de de asigurare CMR a m\u0103rfii cu limita de r\u0103spundere de 300000\u20ac. Marfa dumneavoastr\u0103 este \u00eentodeauna \u00een siguran\u021b\u0103.<\/span><\/p>\n<\/div>\n<\/div>\n<\/div>\n\n<div id=\"cmsmasters_divider_69dc5ab6e9e5b0_13781175\" class=\"cl\"><\/div>\n\n<div id=\"cmsmasters_icon_box_69dc5ab6e9ea83_69620257\" class=\"cmsmasters_icon_box cmsmasters_icon_box_left_top box_icon_type_icon cmsmasters-icon-custom-18\">\n<div class=\"icon_box_inner\">\n<h3 class=\"icon_box_heading\">TRANSPORT RAPID:<\/h3>\n<div class=\"icon_box_text\">\n<p><span style=\"color: #333333;\">Utiliz\u00e2nd serviciile de transport a companiei OLALINA-TRANS, va asigura\u021bi c\u0103 marfa dvs va ajunge la destina\u021bie la momentul c\u00e2nd aceasta este necesar, reduc\u00e2nd costurile de stoc \u0219i depozitare.<\/span><\/p>\n<\/div>\n<\/div>\n<\/div>\n<\/div>\n<div class=\"cmsmasters_column one_half\">\n\n<div id=\"cmsmasters_icon_box_69dc5ab6e9ff06_01146591\" class=\"cmsmasters_icon_box cmsmasters_icon_box_left_top box_icon_type_icon cmsmasters-icon-custom-01\">\n<div class=\"icon_box_inner\">\n<h3 class=\"icon_box_heading\">FLOT\u0102 MODERN\u0102 DE CAMIOANE:<\/h3>\n<div class=\"icon_box_text\">\n<p>OLALINA-TRANS dispune de o flot\u0103 modern\u0103 de camioane de transport marf\u0103, cu normele EURO 4 \u0219i EURO 6 care garanteaz\u0103 un transport de maxima calitate si flexibilitate<\/p>\n<\/div>\n<\/div>\n<\/div>\n\n<div id=\"cmsmasters_divider_69dc5ab6ea07d3_36448990\" class=\"cl\"><\/div>\n\n<div id=\"cmsmasters_icon_box_69dc5ab6ea0c79_04597395\" class=\"cmsmasters_icon_box cmsmasters_icon_box_left_top box_icon_type_icon cmsmasters-icon-custom-08\">\n<div class=\"icon_box_inner\">\n<h3 class=\"icon_box_heading\">MONITORIZARE GPS \u00ceN TIMP REAL<\/h3>\n<div class=\"icon_box_text\">\n<p>Toate camioanele noastre sunt monitorizate prin satelit, at\u00e2t pentru a cre\u0219te transparen\u021ba fa\u021b\u0103 de client, dar \u0219i pentru a fi eficien\u021bi. OLALINA-TRANS v\u0103 asigur\u0103 marfa dvs \u00een cel mai sigur mod posibil.<\/p>\n<\/div>\n<\/div>\n<\/div>\n<\/div>\n<\/div>\n<\/div>\n<\/div>\n<\/div>\n<\/div>\n\n","protected":false},"excerpt":{"rendered":"","protected":false},"author":1,"featured_media":0,"parent":0,"menu_order":0,"comment_status":"closed","ping_status":"closed","template":"","meta":{"_monsterinsights_skip_tracking":false,"_monsterinsights_sitenote_active":false,"_monsterinsights_sitenote_note":"","_monsterinsights_sitenote_category":0,"footnotes":""},"class_list":["post-7748","page","type-page","status-publish","hentry"],"aioseo_notices":[],"_links":{"self":[{"href":"https:\/\/olalina-trans.md\/index.php\/wp-json\/wp\/v2\/pages\/7748","targetHints":{"allow":["GET"]}}],"collection":[{"href":"https:\/\/olalina-trans.md\/index.php\/wp-json\/wp\/v2\/pages"}],"about":[{"href":"https:\/\/olalina-trans.md\/index.php\/wp-json\/wp\/v2\/types\/page"}],"author":[{"embeddable":true,"href":"https:\/\/olalina-trans.md\/index.php\/wp-json\/wp\/v2\/users\/1"}],"replies":[{"embeddable":true,"href":"https:\/\/olalina-trans.md\/index.php\/wp-json\/wp\/v2\/comments?post=7748"}],"version-history":[{"count":11,"href":"https:\/\/olalina-trans.md\/index.php\/wp-json\/wp\/v2\/pages\/7748\/revisions"}],"predecessor-version":[{"id":7764,"href":"https:\/\/olalina-trans.md\/index.php\/wp-json\/wp\/v2\/pages\/7748\/revisions\/7764"}],"wp:attachment":[{"href":"https:\/\/olalina-trans.md\/index.php\/wp-json\/wp\/v2\/media?parent=7748"}],"curies":[{"name":"wp","href":"https:\/\/api.w.org\/{rel}","templated":true}]}}