{"id":6562,"date":"2016-03-30T09:37:29","date_gmt":"2016-03-30T09:37:29","guid":{"rendered":"http:\/\/logistic-business.cmsmasters.net\/?page_id=6562"},"modified":"2022-04-28T09:50:24","modified_gmt":"2022-04-28T07:50:24","slug":"ground-cargo","status":"publish","type":"page","link":"https:\/\/olalina-trans.md\/index.php\/ground-cargo\/","title":{"rendered":"TRANSPORT INTERNA\u021aIONAL DE M\u0102RFURI"},"content":{"rendered":"<style type=\"text\/css\"> \n#cmsmasters_row_69dc43ef09ae92_68063912 .cmsmasters_row_outer_parent { \n\tpadding-top: 0px; \n} \n\n#cmsmasters_row_69dc43ef09ae92_68063912 .cmsmasters_row_outer_parent { \n\tpadding-bottom: 10px; \n} \n\n \n#cmsmasters_heading_69dc43ef09d477_34724183 { \n\ttext-align:left; \n\tmargin-top:0px; \n\tmargin-bottom:0px; \n} \n\n#cmsmasters_heading_69dc43ef09d477_34724183 .cmsmasters_heading { \n\ttext-align:left; \n} \n\n#cmsmasters_heading_69dc43ef09d477_34724183 .cmsmasters_heading, #cmsmasters_heading_69dc43ef09d477_34724183 .cmsmasters_heading a { \n\tfont-family:'Roboto Condensed'; \n\tfont-size:18px; \n\tline-height:24px; \n\tfont-weight:600; \n\tfont-style:normal; \n\tcolor:#a8a8a8;\n} \n\n#cmsmasters_heading_69dc43ef09d477_34724183 .cmsmasters_heading_divider { \n} \n\n \n#cmsmasters_heading_69dc43ef09db66_49728009 { \n\ttext-align:left; \n\tmargin-top:0px; \n\tmargin-bottom:20px; \n} \n\n#cmsmasters_heading_69dc43ef09db66_49728009 .cmsmasters_heading { \n\ttext-align:left; \n} \n\n#cmsmasters_heading_69dc43ef09db66_49728009 .cmsmasters_heading, #cmsmasters_heading_69dc43ef09db66_49728009 .cmsmasters_heading a { \n\tfont-size:28px; \n\tfont-weight:600; \n\tfont-style:normal; \n} \n\n#cmsmasters_heading_69dc43ef09db66_49728009 .cmsmasters_heading_divider { \n} \n\n \n#cmsmasters_divider_69dc43ef09e0b4_73756363 { \n\tborder-bottom-width:1px; \n\tborder-bottom-style:solid; \n\tpadding-top:0px; \n\tmargin-bottom:40px; \n} \n \n#cmsmasters_row_69dc43ef0a09e9_77501194 .cmsmasters_row_outer_parent { \n\tpadding-top: 0px; \n} \n\n#cmsmasters_row_69dc43ef0a09e9_77501194 .cmsmasters_row_outer_parent { \n\tpadding-bottom: 10px; \n} \n\n \n#cmsmasters_row_69dc43ef0ade45_31781848 .cmsmasters_row_outer_parent { \n\tpadding-top: 0px; \n} \n\n#cmsmasters_row_69dc43ef0ade45_31781848 .cmsmasters_row_outer_parent { \n\tpadding-bottom: 40px; \n} \n\n \n#cmsmasters_row_69dc43ef0afed1_01410059 .cmsmasters_row_outer_parent { \n\tpadding-top: 0px; \n} \n\n#cmsmasters_row_69dc43ef0afed1_01410059 .cmsmasters_row_outer_parent { \n\tpadding-bottom: 0px; \n} \n\n \n#cmsmasters_divider_69dc43ef0b1eb0_27237696 { \n\tborder-bottom-width:1px; \n\tborder-bottom-style:solid; \n\tpadding-top:0px; \n\tmargin-bottom:40px; \n} \n \n#cmsmasters_row_69dc43ef0b2636_92207015 .cmsmasters_row_outer_parent { \n\tpadding-bottom: 50px; \n} \n\n \n#cmsmasters_icon_box_69dc43ef0b4ef8_48970332 { \n\tborder-width:1px; \n\tbackground-color:#fcfcfc;\n\tborder-color:#e4e4e4;\n} \n\n#cmsmasters_icon_box_69dc43ef0b4ef8_48970332:before, \n#cmsmasters_icon_box_69dc43ef0b4ef8_48970332 .icon_box_heading:before { \n\tfont-size:30px; \n\tline-height:60px; \n\twidth:60px; \n\theight:60px; \n\tborder-width:0px; \n\t-webkit-border-radius:50%; \n\tborder-radius:50%; \n\tcolor:#ffffff;\n\tbackground-color:#f02830;\n} \n\n#cmsmasters_icon_box_69dc43ef0b4ef8_48970332.cmsmasters_icon_heading_left, \n#cmsmasters_icon_box_69dc43ef0b4ef8_48970332.cmsmasters_icon_top, \n#cmsmasters_icon_box_69dc43ef0b4ef8_48970332.cmsmasters_icon_box_left_top { \n\tpadding:30px 20px; } \n\n#cmsmasters_icon_box_69dc43ef0b4ef8_48970332.cmsmasters_icon_top:before { \n\ttop:30px;} \n\n#cmsmasters_icon_box_69dc43ef0b4ef8_48970332.cmsmasters_icon_box_left, \n#cmsmasters_icon_box_69dc43ef0b4ef8_48970332.cmsmasters_icon_box_left_top { \n\tpadding-left:60px; \n\tmargin-left:30px; \n\t} \n\n#cmsmasters_icon_box_69dc43ef0b4ef8_48970332.cmsmasters_icon_box_left:before, \n#cmsmasters_icon_box_69dc43ef0b4ef8_48970332.cmsmasters_icon_box_left_top:before { \n\tleft:-30px; \n\t} \n\n#cmsmasters_icon_box_69dc43ef0b4ef8_48970332.cmsmasters_icon_box_left_top { \n\tpadding-top:30px; \n\tmargin-top:60px; \n\t} \n\n#cmsmasters_icon_box_69dc43ef0b4ef8_48970332.cmsmasters_icon_box_left_top:before { \n\tmargin-top:-30px; \n\t} \n\n \n#cmsmasters_divider_69dc43ef0b5bc1_36570868 { \n\tborder-bottom-width:0px; \n\tborder-bottom-style:solid; \n\tpadding-top:0px; \n\tmargin-bottom:40px; \n} \n \n#cmsmasters_icon_box_69dc43ef0b60f9_85015671 { \n\tborder-width:1px; \n\tbackground-color:#fcfcfc;\n\tborder-color:#e4e4e4;\n} \n\n#cmsmasters_icon_box_69dc43ef0b60f9_85015671:before, \n#cmsmasters_icon_box_69dc43ef0b60f9_85015671 .icon_box_heading:before { \n\tfont-size:30px; \n\tline-height:60px; \n\twidth:60px; \n\theight:60px; \n\tborder-width:0px; \n\t-webkit-border-radius:50%; \n\tborder-radius:50%; \n\tcolor:#ffffff;\n\tbackground-color:#f02830;\n} \n\n#cmsmasters_icon_box_69dc43ef0b60f9_85015671.cmsmasters_icon_heading_left, \n#cmsmasters_icon_box_69dc43ef0b60f9_85015671.cmsmasters_icon_top, \n#cmsmasters_icon_box_69dc43ef0b60f9_85015671.cmsmasters_icon_box_left_top { \n\tpadding:30px 20px; } \n\n#cmsmasters_icon_box_69dc43ef0b60f9_85015671.cmsmasters_icon_top:before { \n\ttop:30px;} \n\n#cmsmasters_icon_box_69dc43ef0b60f9_85015671.cmsmasters_icon_box_left, \n#cmsmasters_icon_box_69dc43ef0b60f9_85015671.cmsmasters_icon_box_left_top { \n\tpadding-left:60px; \n\tmargin-left:30px; \n\t} \n\n#cmsmasters_icon_box_69dc43ef0b60f9_85015671.cmsmasters_icon_box_left:before, \n#cmsmasters_icon_box_69dc43ef0b60f9_85015671.cmsmasters_icon_box_left_top:before { \n\tleft:-30px; \n\t} \n\n#cmsmasters_icon_box_69dc43ef0b60f9_85015671.cmsmasters_icon_box_left_top { \n\tpadding-top:30px; \n\tmargin-top:60px; \n\t} \n\n#cmsmasters_icon_box_69dc43ef0b60f9_85015671.cmsmasters_icon_box_left_top:before { \n\tmargin-top:-30px; \n\t} \n\n \n#cmsmasters_icon_box_69dc43ef0b7545_53398990 { \n\tborder-width:1px; \n\tbackground-color:#fcfcfc;\n\tborder-color:#e4e4e4;\n} \n\n#cmsmasters_icon_box_69dc43ef0b7545_53398990:before, \n#cmsmasters_icon_box_69dc43ef0b7545_53398990 .icon_box_heading:before { \n\tfont-size:30px; \n\tline-height:60px; \n\twidth:60px; \n\theight:60px; \n\tborder-width:0px; \n\t-webkit-border-radius:50%; \n\tborder-radius:50%; \n} \n\n#cmsmasters_icon_box_69dc43ef0b7545_53398990.cmsmasters_icon_heading_left, \n#cmsmasters_icon_box_69dc43ef0b7545_53398990.cmsmasters_icon_top, \n#cmsmasters_icon_box_69dc43ef0b7545_53398990.cmsmasters_icon_box_left_top { \n\tpadding:30px 20px; } \n\n#cmsmasters_icon_box_69dc43ef0b7545_53398990.cmsmasters_icon_top:before { \n\ttop:30px;} \n\n#cmsmasters_icon_box_69dc43ef0b7545_53398990.cmsmasters_icon_box_left, \n#cmsmasters_icon_box_69dc43ef0b7545_53398990.cmsmasters_icon_box_left_top { \n\tpadding-left:60px; \n\tmargin-left:30px; \n\t} \n\n#cmsmasters_icon_box_69dc43ef0b7545_53398990.cmsmasters_icon_box_left:before, \n#cmsmasters_icon_box_69dc43ef0b7545_53398990.cmsmasters_icon_box_left_top:before { \n\tleft:-30px; \n\t} \n\n#cmsmasters_icon_box_69dc43ef0b7545_53398990.cmsmasters_icon_box_left_top { \n\tpadding-top:30px; \n\tmargin-top:60px; \n\t} \n\n#cmsmasters_icon_box_69dc43ef0b7545_53398990.cmsmasters_icon_box_left_top:before { \n\tmargin-top:-30px; \n\t} \n\n \n#cmsmasters_divider_69dc43ef0b7d82_94666753 { \n\tborder-bottom-width:0px; \n\tborder-bottom-style:solid; \n\tpadding-top:0px; \n\tmargin-bottom:40px; \n} \n \n#cmsmasters_icon_box_69dc43ef0b82e7_94629056 { \n\tborder-width:1px; \n\tbackground-color:#fcfcfc;\n\tborder-color:#e4e4e4;\n} \n\n#cmsmasters_icon_box_69dc43ef0b82e7_94629056:before, \n#cmsmasters_icon_box_69dc43ef0b82e7_94629056 .icon_box_heading:before { \n\tfont-size:30px; \n\tline-height:60px; \n\twidth:60px; \n\theight:60px; \n\tborder-width:0px; \n\t-webkit-border-radius:50%; \n\tborder-radius:50%; \n} \n\n#cmsmasters_icon_box_69dc43ef0b82e7_94629056.cmsmasters_icon_heading_left, \n#cmsmasters_icon_box_69dc43ef0b82e7_94629056.cmsmasters_icon_top, \n#cmsmasters_icon_box_69dc43ef0b82e7_94629056.cmsmasters_icon_box_left_top { \n\tpadding:30px 20px; } \n\n#cmsmasters_icon_box_69dc43ef0b82e7_94629056.cmsmasters_icon_top:before { \n\ttop:30px;} \n\n#cmsmasters_icon_box_69dc43ef0b82e7_94629056.cmsmasters_icon_box_left, \n#cmsmasters_icon_box_69dc43ef0b82e7_94629056.cmsmasters_icon_box_left_top { \n\tpadding-left:60px; \n\tmargin-left:30px; \n\t} \n\n#cmsmasters_icon_box_69dc43ef0b82e7_94629056.cmsmasters_icon_box_left:before, \n#cmsmasters_icon_box_69dc43ef0b82e7_94629056.cmsmasters_icon_box_left_top:before { \n\tleft:-30px; \n\t} \n\n#cmsmasters_icon_box_69dc43ef0b82e7_94629056.cmsmasters_icon_box_left_top { \n\tpadding-top:30px; \n\tmargin-top:60px; \n\t} \n\n#cmsmasters_icon_box_69dc43ef0b82e7_94629056.cmsmasters_icon_box_left_top:before { \n\tmargin-top:-30px; \n\t} \n\n<\/style><div id=\"cmsmasters_row_69dc43ef09ae92_68063912\" class=\"cmsmasters_row cmsmasters_color_scheme_default cmsmasters_row_top_default cmsmasters_row_bot_default cmsmasters_row_boxed\">\n<div class=\"cmsmasters_row_outer_parent\">\n<div class=\"cmsmasters_row_outer\">\n<div class=\"cmsmasters_row_inner\">\n<div class=\"cmsmasters_row_margin\">\n<div class=\"cmsmasters_column one_first\">\n\n<div id=\"cmsmasters_heading_69dc43ef09d477_34724183\" class=\"cmsmasters_heading_wrap cmsmasters_heading_align_left\">\n\t<h3 class=\"cmsmasters_heading\">Servicii<\/h3>\n<\/div>\n<div id=\"cmsmasters_heading_69dc43ef09db66_49728009\" class=\"cmsmasters_heading_wrap cmsmasters_heading_align_left\">\n\t<h1 class=\"cmsmasters_heading\">TRANSPORT INTERNA\u021aIONAL DE M\u0102RFURI<\/h1>\n<\/div>\n\n<div id=\"cmsmasters_divider_69dc43ef09e0b4_73756363\" class=\"cmsmasters_divider cmsmasters_divider_width_long cmsmasters_divider_pos_center\"><\/div>\n<div class=\"cmsmasters_text\">\n<p>Compania OLALINA TRANS v\u0103 ofer\u0103 solu\u021bii de transporturi de marf\u0103 cu camioane echipate cu remorci cu prelate, cu remorci frigorifice sau dube \u00eenchise, <strong>at\u00e2t la Export c\u00e2t \u0219i la Import:<\/strong><\/p>\n<\/div>\n<\/div>\n<\/div>\n<\/div>\n<\/div>\n<\/div>\n<\/div>\n<div id=\"cmsmasters_row_69dc43ef0a09e9_77501194\" class=\"cmsmasters_row cmsmasters_color_scheme_default cmsmasters_row_top_default cmsmasters_row_bot_default cmsmasters_row_boxed\">\n<div class=\"cmsmasters_row_outer_parent\">\n<div class=\"cmsmasters_row_outer\">\n<div class=\"cmsmasters_row_inner\">\n<div class=\"cmsmasters_row_margin\">\n<div class=\"cmsmasters_column one_half\">\n<div class=\"cmsmasters_content_slider_wrap\" style=\"max-width:580px;\">\n<script type=\"text\/javascript\">jQuery(document).ready(function () { jQuery(\"#cmsmasters_slider_69dc43ef0a2d90_86423857.cmsmasters_content_slider\").owlCarousel( { singleItem : true, transitionStyle: false, rewindSpeed : 1000, slideSpeed : 600, autoHeight : true, paginationSpeed : \t600, autoPlay : 7000,navigationText : \t[ \"<span class=\\\"cmsmasters_prev_arrow\\\"><span><\/span><\/span>\", \"<span class=\\\"cmsmasters_next_arrow\\\"><span><\/span><\/span>\" ] } );} );<\/script>\n<div id=\"cmsmasters_slider_69dc43ef0a2d90_86423857\" class=\"cmsmasters_content_slider cmsmasters_owl_slider owl-carousel\">\n<div class=\"cmsmasters_content_slider_item\"><img loading=\"lazy\" decoding=\"async\" width=\"580\" height=\"350\" src=\"https:\/\/olalina-trans.md\/wp-content\/uploads\/Transport-Cargo\/transportation-logistics-olalina-transport-580x350.jpg\" class=\"attachment-cmsmasters-blog-masonry-thumb size-cmsmasters-blog-masonry-thumb\" alt=\"\" \/><\/div><div class=\"cmsmasters_content_slider_item\"><img loading=\"lazy\" decoding=\"async\" width=\"580\" height=\"350\" src=\"https:\/\/olalina-trans.md\/wp-content\/uploads\/Transport-Cargo\/transport-daf-euro-6-moldova-580x350.jpg\" class=\"attachment-cmsmasters-blog-masonry-thumb size-cmsmasters-blog-masonry-thumb\" alt=\"\" \/><\/div><div class=\"cmsmasters_content_slider_item\"><img loading=\"lazy\" decoding=\"async\" width=\"580\" height=\"350\" src=\"https:\/\/olalina-trans.md\/wp-content\/uploads\/Transport-Cargo\/transport-daf-euro-6-moldova-germania-olanda-franta-580x350.jpg\" class=\"attachment-cmsmasters-blog-masonry-thumb size-cmsmasters-blog-masonry-thumb\" alt=\"\" \/><\/div><\/div>\n<\/div>\n<\/div>\n<div class=\"cmsmasters_column one_half\">\n<div class=\"cmsmasters_text\">\n<ul>\n<li>Transporturi de camion complet (FTL),<\/li>\n<li>\u00een regim de grupaj, \u00een camion par\u021bial \u00eenc\u0103rcat (LTL)<\/li>\n<li>Transport cu temperatur\u0103 controlat\u0103 ( Termo sau Frigo)<\/li>\n<li>Transport de m\u0103rfuri periculoase (ADR)<\/li>\n<li>Transport de containere maritime<\/li>\n<li>transport \u00een condi\u021bii de maxim\u0103 siguran\u021b\u0103<\/li>\n<\/ul>\n<\/div>\n<\/div>\n<\/div>\n<\/div>\n<\/div>\n<\/div>\n<\/div>\n<div id=\"cmsmasters_row_69dc43ef0ade45_31781848\" class=\"cmsmasters_row cmsmasters_color_scheme_default cmsmasters_row_top_default cmsmasters_row_bot_default cmsmasters_row_boxed\">\n<div class=\"cmsmasters_row_outer_parent\">\n<div class=\"cmsmasters_row_outer\">\n<div class=\"cmsmasters_row_inner\">\n<div class=\"cmsmasters_row_margin\">\n<div class=\"cmsmasters_column one_first\">\n<div class=\"cmsmasters_text\">\n<p>OLALINA-TRANS v\u0103 poate oferi de asemenea solu\u021bii de transport \u00een sistem \u201cONE WAY\u201d \u2013 comand\u0103 individual\u0103 sau \u201cFLOT\u0102 DEDICAT\u0102\u201d \u2013 unde o anumit\u0103 capacitate \u0219i disponibilitate poate fi garantat\u0103. Aceast\u0103 ultim\u0103 variant\u0103 complex\u0103 ofer\u0103 clientului un avantaj competi\u021bional, av\u00e2nd la dispozi\u021bie o capacitate suficient\u0103 precum \u0219i un proces de \u00eenc\u0103rcare si desc\u0103rcare optimizat <strong>la tarife competitive \u0219i stabile pe tot parcursul anului.<\/strong><\/p>\n<\/div>\n<div class=\"cmsmasters_text\">\n<p>Clien\u021bii no\u0219tri activeaz\u0103 \u00een diferite industrii \u0219i domenii de activitate \u2013 importatori , distribuitori, produc\u0103tori (industria mobilei, auto, textil\u0103, alimentar\u0103). Pentru fiecare dintre ei c\u0103utam s\u0103 ne adapt\u0103m cit mai bine pe cerin\u021bele specifice fiec\u0103rei industrii.<\/p>\n<p>Noi operar\u0103m flota proprie de camioane \u0219i \u0219oferi pentru a garanta calitatea \u0219i capacitatea, folosind totodat\u0103 vehicule din re\u021beaua noastr\u0103 de parteneri de transport subcontracta\u021bi \u00een scopul cre\u0219terii flexibilit\u0103\u021bii.<\/p>\n<\/div>\n<\/div>\n<\/div>\n<\/div>\n<\/div>\n<\/div>\n<\/div>\n<div id=\"cmsmasters_row_69dc43ef0afed1_01410059\" class=\"cmsmasters_row cmsmasters_color_scheme_default cmsmasters_row_top_default cmsmasters_row_bot_default cmsmasters_row_boxed\">\n<div class=\"cmsmasters_row_outer_parent\">\n<div class=\"cmsmasters_row_outer\">\n<div class=\"cmsmasters_row_inner\">\n<div class=\"cmsmasters_row_margin\">\n<div class=\"cmsmasters_column one_first\">\n<div class=\"cmsmasters_text\">\n<h1><strong>BENEFICIILE DE LA <span style=\"color: #ed1c24;\">PARTENERIATUL CU OLALINA TRANS:<\/span><\/strong><\/h1>\n<\/div>\n\n<div id=\"cmsmasters_divider_69dc43ef0b1eb0_27237696\" class=\"cmsmasters_divider cmsmasters_divider_width_long cmsmasters_divider_pos_center\"><\/div>\n<\/div>\n<\/div>\n<\/div>\n<\/div>\n<\/div>\n<\/div>\n<div id=\"cmsmasters_row_69dc43ef0b2636_92207015\" class=\"cmsmasters_row cmsmasters_color_scheme_default cmsmasters_row_top_default cmsmasters_row_bot_default cmsmasters_row_boxed\">\n<div class=\"cmsmasters_row_outer_parent\">\n<div class=\"cmsmasters_row_outer\">\n<div class=\"cmsmasters_row_inner\">\n<div class=\"cmsmasters_row_margin\">\n<div class=\"cmsmasters_column one_half\">\n\n<div id=\"cmsmasters_icon_box_69dc43ef0b4ef8_48970332\" class=\"cmsmasters_icon_box cmsmasters_icon_box_left_top box_icon_type_icon cmsmasters-icon-custom-10\">\n<div class=\"icon_box_inner\">\n<h3 class=\"icon_box_heading\">100% TRANSPORT \u00ceN SIGURAN\u021a\u0102<\/h3>\n<div class=\"icon_box_text\">\n<p><span style=\"color: #333333;\">Pentru a realiza transportul interna\u021bional fiecare vehicul dispune de de asigurare CMR a m\u0103rfii cu limita de r\u0103spundere de 300000\u20ac. Marfa dumneavoastr\u0103 este \u00eentodeauna \u00een siguran\u021b\u0103.<\/span><\/p>\n<\/div>\n<\/div>\n<\/div>\n\n<div id=\"cmsmasters_divider_69dc43ef0b5bc1_36570868\" class=\"cl\"><\/div>\n\n<div id=\"cmsmasters_icon_box_69dc43ef0b60f9_85015671\" class=\"cmsmasters_icon_box cmsmasters_icon_box_left_top box_icon_type_icon cmsmasters-icon-custom-18\">\n<div class=\"icon_box_inner\">\n<h3 class=\"icon_box_heading\">TRANSPORT RAPID:<\/h3>\n<div class=\"icon_box_text\">\n<p><span style=\"color: #333333;\">Utiliz\u00e2nd serviciile de transport a companiei OLALINA-TRANS, va asigura\u021bi c\u0103 marfa dvs va ajunge la destina\u021bie la momentul c\u00e2nd aceasta este necesar, reduc\u00e2nd costurile de stoc \u0219i depozitare.<\/span><\/p>\n<\/div>\n<\/div>\n<\/div>\n<\/div>\n<div class=\"cmsmasters_column one_half\">\n\n<div id=\"cmsmasters_icon_box_69dc43ef0b7545_53398990\" class=\"cmsmasters_icon_box cmsmasters_icon_box_left_top box_icon_type_icon cmsmasters-icon-custom-01\">\n<div class=\"icon_box_inner\">\n<h3 class=\"icon_box_heading\">FLOT\u0102 MODERN\u0102 DE CAMIOANE:<\/h3>\n<div class=\"icon_box_text\">\n<p>OLALINA-TRANS dispune de o flot\u0103 modern\u0103 de camioane de transport marf\u0103, cu normele EURO 4 \u0219i EURO 6 care garanteaz\u0103 un transport de maxima calitate si flexibilitate<\/p>\n<\/div>\n<\/div>\n<\/div>\n\n<div id=\"cmsmasters_divider_69dc43ef0b7d82_94666753\" class=\"cl\"><\/div>\n\n<div id=\"cmsmasters_icon_box_69dc43ef0b82e7_94629056\" class=\"cmsmasters_icon_box cmsmasters_icon_box_left_top box_icon_type_icon cmsmasters-icon-custom-08\">\n<div class=\"icon_box_inner\">\n<h3 class=\"icon_box_heading\">MONITORIZARE GPS \u00ceN TIMP REAL<\/h3>\n<div class=\"icon_box_text\">\n<p>Toate camioanele noastre sunt monitorizate prin satelit, at\u00e2t pentru a cre\u0219te transparen\u021ba fa\u021b\u0103 de client, dar \u0219i pentru a fi eficien\u021bi. OLALINA-TRANS v\u0103 asigur\u0103 marfa dvs \u00een cel mai sigur mod posibil.<\/p>\n<\/div>\n<\/div>\n<\/div>\n<\/div>\n<\/div>\n<\/div>\n<\/div>\n<\/div>\n<\/div>\n\n","protected":false},"excerpt":{"rendered":"","protected":false},"author":1,"featured_media":0,"parent":0,"menu_order":0,"comment_status":"closed","ping_status":"closed","template":"","meta":{"_monsterinsights_skip_tracking":false,"_monsterinsights_sitenote_active":false,"_monsterinsights_sitenote_note":"","_monsterinsights_sitenote_category":0,"footnotes":""},"class_list":["post-6562","page","type-page","status-publish","hentry"],"aioseo_notices":[],"_links":{"self":[{"href":"https:\/\/olalina-trans.md\/index.php\/wp-json\/wp\/v2\/pages\/6562","targetHints":{"allow":["GET"]}}],"collection":[{"href":"https:\/\/olalina-trans.md\/index.php\/wp-json\/wp\/v2\/pages"}],"about":[{"href":"https:\/\/olalina-trans.md\/index.php\/wp-json\/wp\/v2\/types\/page"}],"author":[{"embeddable":true,"href":"https:\/\/olalina-trans.md\/index.php\/wp-json\/wp\/v2\/users\/1"}],"replies":[{"embeddable":true,"href":"https:\/\/olalina-trans.md\/index.php\/wp-json\/wp\/v2\/comments?post=6562"}],"version-history":[{"count":9,"href":"https:\/\/olalina-trans.md\/index.php\/wp-json\/wp\/v2\/pages\/6562\/revisions"}],"predecessor-version":[{"id":7742,"href":"https:\/\/olalina-trans.md\/index.php\/wp-json\/wp\/v2\/pages\/6562\/revisions\/7742"}],"wp:attachment":[{"href":"https:\/\/olalina-trans.md\/index.php\/wp-json\/wp\/v2\/media?parent=6562"}],"curies":[{"name":"wp","href":"https:\/\/api.w.org\/{rel}","templated":true}]}}