{"id":1981,"date":"2015-08-05T13:47:43","date_gmt":"2015-08-05T13:47:43","guid":{"rendered":"http:\/\/medicine-plus.cmsmasters.net\/?page_id=1981"},"modified":"2021-02-27T10:47:52","modified_gmt":"2021-02-27T10:47:52","slug":"pricing","status":"publish","type":"page","link":"https:\/\/olalina-trans.md\/index.php\/pricing\/","title":{"rendered":"Politica de pre\u021buri"},"content":{"rendered":"<style type=\"text\/css\"> \n#cmsmasters_row_69f36680bec247_53052179 { \n\tbackground-color:#fcfcfc;\n} \n\n#cmsmasters_row_69f36680bec247_53052179 .cmsmasters_row_outer_parent { \n\tpadding-top: 60px; \n} \n\n#cmsmasters_row_69f36680bec247_53052179 .cmsmasters_row_outer_parent { \n\tpadding-bottom: 50px; \n} \n\n \n#cmsmasters_heading_69f36680bef657_09968909 { \n\ttext-align:left; \n\tmargin-top:0px; \n\tmargin-bottom:0px; \n} \n\n#cmsmasters_heading_69f36680bef657_09968909 .cmsmasters_heading { \n\ttext-align:left; \n} \n\n#cmsmasters_heading_69f36680bef657_09968909 .cmsmasters_heading, #cmsmasters_heading_69f36680bef657_09968909 .cmsmasters_heading a { \n\tfont-family:'Roboto Condensed'; \n\tfont-size:18px; \n\tline-height:24px; \n\tfont-weight:600; \n\tfont-style:normal; \n\tcolor:#a8a8a8;\n} \n\n#cmsmasters_heading_69f36680bef657_09968909 .cmsmasters_heading_divider { \n} \n\n \n#cmsmasters_heading_69f36680bf0184_82449467 { \n\ttext-align:left; \n\tmargin-top:0px; \n\tmargin-bottom:15px; \n} \n\n#cmsmasters_heading_69f36680bf0184_82449467 .cmsmasters_heading { \n\ttext-align:left; \n} \n\n#cmsmasters_heading_69f36680bf0184_82449467 .cmsmasters_heading, #cmsmasters_heading_69f36680bf0184_82449467 .cmsmasters_heading a { \n\tfont-size:28px; \n\tfont-weight:600; \n\tfont-style:normal; \n} \n\n#cmsmasters_heading_69f36680bf0184_82449467 .cmsmasters_heading_divider { \n} \n\n \n#cmsmasters_divider_69f36680bf0a16_59658783 { \n\tborder-bottom-width:1px; \n\tborder-bottom-style:solid; \n\tpadding-top:0px; \n\tmargin-bottom:35px; \n} \n \n#cmsmasters_divider_69f36680bf4bb8_38907237 { \n\tborder-bottom-width:0px; \n\tborder-bottom-style:solid; \n\tpadding-top:0px; \n\tmargin-bottom:15px; \n} \n\n#cmsmasters_button_69f36680bf5432_34001934 { \n\tfloat:left; \n} \n\n#cmsmasters_button_69f36680bf5432_34001934 .cmsmasters_button:before { \n\tmargin-right:.5em; \n\tmargin-left:0; \n\tvertical-align:baseline; \n} \n\n#cmsmasters_button_69f36680bf5432_34001934 .cmsmasters_button { \n\tfont-weight:600; \n\tfont-style:normal; \n\tborder-style:solid; \n} \n#cmsmasters_button_69f36680bf5432_34001934 .cmsmasters_button:hover { \n} \n \n#cmsmasters_row_69f36680c03837_77180044 .cmsmasters_row_outer_parent { \n\tpadding-top: 70px; \n} \n\n#cmsmasters_row_69f36680c03837_77180044 .cmsmasters_row_outer_parent { \n\tpadding-bottom: 50px; \n} \n\n \n#cmsmasters_heading_69f36680c06379_37617221 { \n\ttext-align:left; \n\tmargin-top:0px; \n\tmargin-bottom:30px; \n} \n\n#cmsmasters_heading_69f36680c06379_37617221 .cmsmasters_heading { \n\ttext-align:left; \n} \n\n#cmsmasters_heading_69f36680c06379_37617221 .cmsmasters_heading, #cmsmasters_heading_69f36680c06379_37617221 .cmsmasters_heading a { \n\tfont-family:'Roboto Condensed'; \n\tfont-size:18px; \n\tline-height:24px; \n\tfont-weight:600; \n\tfont-style:normal; \n\tcolor:#a8a8a8;\n} \n\n#cmsmasters_heading_69f36680c06379_37617221 .cmsmasters_heading_divider { \n} \n\n\n#cmsmasters_pricing_item_69f36680c085d4_75408054 .cmsmasters_button:before { \n\tmargin-right:.5em; \n\tmargin-left:0; \n\tvertical-align:baseline; \n} \n\n#cmsmasters_pricing_item_69f36680c085d4_75408054 .cmsmasters_button { \n\tfont-family:'Roboto'; \n\tfont-weight:600; \n\tfont-style:normal; \n\tborder-style:solid; \n} \n#cmsmasters_pricing_item_69f36680c085d4_75408054 .cmsmasters_button:hover { \n} \n#cmsmasters_pricing_item_69f36680c09778_75550816 .cmsmasters_button:before { \n\tmargin-right:.5em; \n\tmargin-left:0; \n\tvertical-align:baseline; \n} \n\n#cmsmasters_pricing_item_69f36680c09778_75550816 .cmsmasters_button { \n\tfont-family:'Roboto'; \n\tfont-weight:600; \n\tfont-style:normal; \n\tborder-style:solid; \n} \n#cmsmasters_pricing_item_69f36680c09778_75550816 .cmsmasters_button:hover { \n} \n#cmsmasters_pricing_item_69f36680c0a270_75245973 .cmsmasters_button:before { \n\tmargin-right:.5em; \n\tmargin-left:0; \n\tvertical-align:baseline; \n} \n\n#cmsmasters_pricing_item_69f36680c0a270_75245973 .cmsmasters_button { \n\tfont-family:'Roboto'; \n\tfont-weight:600; \n\tfont-style:normal; \n\tborder-style:solid; \n} \n#cmsmasters_pricing_item_69f36680c0a270_75245973 .cmsmasters_button:hover { \n\tbackground-color:#c0c0c0;\n\tcolor:#ffffff;\n} \n#cmsmasters_pricing_item_69f36680c0adb6_25256636 .cmsmasters_button:before { \n\tmargin-right:.5em; \n\tmargin-left:0; \n\tvertical-align:baseline; \n} \n\n#cmsmasters_pricing_item_69f36680c0adb6_25256636 .cmsmasters_button { \n\tfont-family:'Roboto'; \n\tfont-weight:600; \n\tfont-style:normal; \n\tborder-style:solid; \n} \n#cmsmasters_pricing_item_69f36680c0adb6_25256636 .cmsmasters_button:hover { \n} \n \n#cmsmasters_row_69f36680c0bd13_54278325 { \n\tbackground-image: url(https:\/\/olalina-trans.md\/wp-content\/uploads\/2016\/03\/06-1.jpg); \n\tbackground-position: center center; \n\tbackground-repeat: no-repeat; \n\tbackground-attachment: scroll; \n\tbackground-size: cover; \n} \n\n#cmsmasters_row_69f36680c0bd13_54278325 .cmsmasters_row_outer_parent { \n\tpadding-top: 100px; \n} \n\n#cmsmasters_row_69f36680c0bd13_54278325 .cmsmasters_row_outer_parent { \n\tpadding-bottom: 70px; \n} \n\n#cmsmasters_row_69f36680c0bd13_54278325 .cmsmasters_row_overlay { \n\tbackground-color:rgba(33,33,33,0.1);\n} \n\n \n#cmsmasters_heading_69f36680c10434_09750842 { \n\ttext-align:left; \n\tmargin-top:0px; \n\tmargin-bottom:20px; \n} \n\n#cmsmasters_heading_69f36680c10434_09750842 .cmsmasters_heading { \n\ttext-align:left; \n} \n\n#cmsmasters_heading_69f36680c10434_09750842 .cmsmasters_heading, #cmsmasters_heading_69f36680c10434_09750842 .cmsmasters_heading a { \n\tfont-size:28px; \n\tfont-weight:600; \n\tfont-style:normal; \n\tcolor:#ffffff;\n} \n\n#cmsmasters_heading_69f36680c10434_09750842 .cmsmasters_heading_divider { \n} \n\n \n#cmsmasters_divider_69f36680c127f4_64729685 { \n\tborder-bottom-width:0px; \n\tborder-bottom-style:solid; \n\tpadding-top:30px; \n\tmargin-bottom:0px; \n} \n\n#cmsmasters_button_69f36680c13132_43476101 { \n\ttext-align:center; \n} \n\n#cmsmasters_button_69f36680c13132_43476101 .cmsmasters_button:before { \n\tmargin-right:.5em; \n\tmargin-left:0; \n\tvertical-align:baseline; \n} \n\n#cmsmasters_button_69f36680c13132_43476101 .cmsmasters_button { \n\tfont-size:16px; \n\tline-height:50px; \n\tfont-weight:600; \n\tfont-style:normal; \n\tpadding-right:50px; \n\tpadding-left:50px; \n\tborder-width:0px; \n\tborder-style:solid; \n\tbackground-color:#ffffff;\n\tcolor:#2c2c2c;\n\tborder-color:#ffffff;\n} \n#cmsmasters_button_69f36680c13132_43476101 .cmsmasters_button:hover { \n\tbackground-color:#2c2c2c;\n\tcolor:#ffffff;\n\tborder-color:#2c2c2c;\n} \n<\/style><div id=\"cmsmasters_row_69f36680bec247_53052179\" class=\"cmsmasters_row cmsmasters_color_scheme_default cmsmasters_row_top_default cmsmasters_row_bot_default cmsmasters_row_boxed\">\n<div class=\"cmsmasters_row_outer_parent\">\n<div class=\"cmsmasters_row_outer\">\n<div class=\"cmsmasters_row_inner\">\n<div class=\"cmsmasters_row_margin\">\n<div class=\"cmsmasters_column one_half\">\n\n<div id=\"cmsmasters_heading_69f36680bef657_09968909\" class=\"cmsmasters_heading_wrap cmsmasters_heading_align_left\">\n\t<h3 class=\"cmsmasters_heading\">Politica de pre\u021buri<\/h3>\n<\/div>\n<div id=\"cmsmasters_heading_69f36680bf0184_82449467\" class=\"cmsmasters_heading_wrap cmsmasters_heading_align_left\">\n\t<h1 class=\"cmsmasters_heading\">Selecta\u021bi pachetul de pre\u021buri<\/h1>\n<\/div>\n\n<div id=\"cmsmasters_divider_69f36680bf0a16_59658783\" class=\"cmsmasters_divider cmsmasters_divider_width_long cmsmasters_divider_pos_center\"><\/div>\n<div class=\"cmsmasters_text\">\n<p><span style=\"font-size: 16pt;\">Olalina-Trans este un furnizor regional \u0219i global de solu\u021bii de transport<\/span><\/p>\n<\/div>\n<div class=\"cmsmasters_text\">\n<p>Oferim solu\u021bii inteligente orientate c\u0103tre client. De aceea punem mare accent pe serviciul exceptional oferit fiec\u0103rui client. Suntem de acord c\u0103 o singur\u0103 solu\u021bie nu solu\u021bioneaz\u0103 toate problemele, astfel c\u0103 vom evalua cerin\u021bele dvs de transport individual oferind livrarea optim\u0103 pentru cheltuielile \u0219i bugetul dvs de logistic\u0103. Asfel, pentru comoditatea dvs am suprapus c\u00e2teva pachete de preturi aproximative pentru orientare.<\/p>\n<\/div>\n\n<div id=\"cmsmasters_divider_69f36680bf4bb8_38907237\" class=\"cl\"><\/div>\n\n<div id=\"cmsmasters_button_69f36680bf5432_34001934\" class=\"button_wrap\"><a href=\"http:\/\/logistic-business.cmsmasters.net\/demo\/calculated-form\/\" class=\"cmsmasters_button\"><span>Calculate my shipping<\/span><\/a><\/div>\n<\/div>\n<div class=\"cmsmasters_column one_half\">\n<div class=\"cmsmasters_content_slider_wrap\" style=\"max-width:580px;\">\n<script type=\"text\/javascript\">jQuery(document).ready(function () { jQuery(\"#cmsmasters_slider_69f36680bf7514_22787269.cmsmasters_content_slider\").owlCarousel( { singleItem : true, transitionStyle: false, rewindNav: false, rewindSpeed : 1000, slideSpeed : 600, autoHeight : true, paginationSpeed : \t600, autoPlay : false, pagination: false, navigation : true, navigationText : \t[ \"<span class=\\\"cmsmasters_prev_arrow\\\"><span><\/span><\/span>\", \"<span class=\\\"cmsmasters_next_arrow\\\"><span><\/span><\/span>\" ] } );} );<\/script>\n<div id=\"cmsmasters_slider_69f36680bf7514_22787269\" class=\"cmsmasters_content_slider cmsmasters_owl_slider owl-carousel\">\n<div class=\"cmsmasters_content_slider_item\"><img loading=\"lazy\" decoding=\"async\" width=\"580\" height=\"350\" src=\"https:\/\/olalina-trans.md\/wp-content\/uploads\/Price-list\/transportation-logistics-580x350.jpg\" class=\"attachment-cmsmasters-blog-masonry-thumb size-cmsmasters-blog-masonry-thumb\" alt=\"Transport International de marfuri\" \/><\/div><div class=\"cmsmasters_content_slider_item\"><img loading=\"lazy\" decoding=\"async\" width=\"580\" height=\"350\" src=\"https:\/\/olalina-trans.md\/wp-content\/uploads\/Price-list\/price-list-calculator-580x350.jpg\" class=\"attachment-cmsmasters-blog-masonry-thumb size-cmsmasters-blog-masonry-thumb\" alt=\"\" \/><\/div><div class=\"cmsmasters_content_slider_item\"><img loading=\"lazy\" decoding=\"async\" width=\"580\" height=\"350\" src=\"https:\/\/olalina-trans.md\/wp-content\/uploads\/Price-list\/truck-vehicle-with-trailers-background-580x350.jpg\" class=\"attachment-cmsmasters-blog-masonry-thumb size-cmsmasters-blog-masonry-thumb\" alt=\"\" \/><\/div><div class=\"cmsmasters_content_slider_item\"><img loading=\"lazy\" decoding=\"async\" width=\"580\" height=\"350\" src=\"https:\/\/olalina-trans.md\/wp-content\/uploads\/Price-list\/logistic-price-calculation-580x350.jpg\" class=\"attachment-cmsmasters-blog-masonry-thumb size-cmsmasters-blog-masonry-thumb\" alt=\"\" \/><\/div><\/div>\n<\/div>\n<\/div>\n<\/div>\n<\/div>\n<\/div>\n<\/div>\n<\/div>\n<div id=\"cmsmasters_row_69f36680c03837_77180044\" class=\"cmsmasters_row cmsmasters_color_scheme_default cmsmasters_row_top_default cmsmasters_row_bot_default cmsmasters_row_boxed\">\n<div class=\"cmsmasters_row_outer_parent\">\n<div class=\"cmsmasters_row_outer\">\n<div class=\"cmsmasters_row_inner\">\n<div class=\"cmsmasters_row_margin\">\n<div class=\"cmsmasters_column one_first\">\n\n<div id=\"cmsmasters_heading_69f36680c06379_37617221\" class=\"cmsmasters_heading_wrap cmsmasters_heading_align_left\">\n\t<h3 class=\"cmsmasters_heading\">Pricing options<\/h3>\n<\/div> \n<div class=\"cmsmasters_pricing_table pricing_four\">\n<div id=\"cmsmasters_pricing_item_69f36680c085d4_75408054\" class=\"cmsmasters_pricing_item\">\n<div class=\"cmsmasters_pricing_item_inner\">\n<h3 class=\"pricing_title\">GROUND CARGO<\/h3>\n<div class=\"cmsmasters_price_wrap\">\n<span class=\"cmsmasters_currency\">$<\/span>\n<span class=\"cmsmasters_price\">13<\/span>\n<span class=\"cmsmasters_period\">per mile<\/span>\n<\/div>\n<ul class=\"feature_list\">\n<li>1-6 Business Days<\/li>\n<li>Up to 80 kg<\/li>\n<li>Packaging Services<\/li>\n<li>Day-Specific Pickup<\/li>\n<li>Declared Value<\/li>\n<\/ul>\n<a href=\"#\" class=\"cmsmasters_button\"><span>Select<\/span><\/a>\n<\/div>\n<\/div>\n<div id=\"cmsmasters_pricing_item_69f36680c09778_75550816\" class=\"cmsmasters_pricing_item\">\n<div class=\"cmsmasters_pricing_item_inner\">\n<h3 class=\"pricing_title\">Air Freight<\/h3>\n<div class=\"cmsmasters_price_wrap\">\n<span class=\"cmsmasters_currency\">$<\/span>\n<span class=\"cmsmasters_price\">38<\/span>\n<span class=\"cmsmasters_period\">per kilo<\/span>\n<\/div>\n<ul class=\"feature_list\">\n<li>1-3 Business Days<\/li>\n<li>Up to 50 kg<\/li>\n<li>Daily On-Route Pickup<\/li>\n<li>Delivery Confirmation<\/li>\n<li>Declared Value<\/li>\n<\/ul>\n<a href=\"#\" class=\"cmsmasters_button\"><span>Select<\/span><\/a>\n<\/div>\n<\/div>\n<div id=\"cmsmasters_pricing_item_69f36680c0a270_75245973\" class=\"cmsmasters_pricing_item pricing_best\">\n<div class=\"cmsmasters_pricing_item_inner\">\n<h3 class=\"pricing_title\">Warehousing<\/h3>\n<div class=\"cmsmasters_price_wrap\">\n<span class=\"cmsmasters_currency\">$<\/span>\n<span class=\"cmsmasters_price\">25<\/span>\n<span class=\"cmsmasters_period\">per pallet<\/span>\n<\/div>\n<ul class=\"feature_list\">\n<li>Pallet Storage<\/li>\n<li>Cubic Footage<\/li>\n<li>Square Footage<\/li>\n<li>Warehouse Space<\/li>\n<li>Other Storage<\/li>\n<\/ul>\n<a href=\"#\" class=\"cmsmasters_button\"><span>Select<\/span><\/a>\n<\/div>\n<\/div>\n<div id=\"cmsmasters_pricing_item_69f36680c0adb6_25256636\" class=\"cmsmasters_pricing_item\">\n<div class=\"cmsmasters_pricing_item_inner\">\n<h3 class=\"pricing_title\">SEA FREIGHT<\/h3>\n<div class=\"cmsmasters_price_wrap\">\n<span class=\"cmsmasters_currency\">$<\/span>\n<span class=\"cmsmasters_price\">20<\/span>\n<span class=\"cmsmasters_period\">per kilo<\/span>\n<\/div>\n<ul class=\"feature_list\">\n<li>4-21 Business Days<\/li>\n<li>Up to 100 kg<\/li>\n<li>UPS Delivery Intercept<\/li>\n<li>Daily Pickup<\/li>\n<li>Delivery Confirmation<\/li>\n<\/ul>\n<a href=\"#\" class=\"cmsmasters_button\"><span>Select<\/span><\/a>\n<\/div>\n<\/div>\n<\/div>\n<\/div>\n<\/div>\n<\/div>\n<\/div>\n<\/div>\n<\/div>\n<div id=\"cmsmasters_row_69f36680c0bd13_54278325\" class=\"cmsmasters_row cmsmasters_color_scheme_default cmsmasters_row_top_default cmsmasters_row_bot_default cmsmasters_row_boxed\" data-stellar-background-ratio=\"0.5\">\n<div class=\"cmsmasters_row_outer_parent\">\n<div class=\"cmsmasters_row_overlay\"><\/div>\n<div class=\"cmsmasters_row_outer\">\n<div class=\"cmsmasters_row_inner\">\n<div class=\"cmsmasters_row_margin\">\n<div class=\"cmsmasters_column three_fourth\">\n\n<div id=\"cmsmasters_heading_69f36680c10434_09750842\" class=\"cmsmasters_heading_wrap cmsmasters_heading_align_left\">\n\t<h1 class=\"cmsmasters_heading\">TRANSPORT QUALITY AND EXCELLENCE<\/h1>\n<\/div><div class=\"cmsmasters_text\">\n<p><span style=\"color: #ffffff; font-size: 12pt;\">Leaders win through logistics. Vision, sure. Strategy, yes. But when you go to war, you need to have both toilet paper and bullets at the right place at the right time. In other words, you must win through superior logistics.<\/span><\/p>\n<\/div>\n<\/div>\n<div class=\"cmsmasters_column one_fourth\">\n\n<div id=\"cmsmasters_divider_69f36680c127f4_64729685\" class=\"cl\"><\/div>\n\n<div id=\"cmsmasters_button_69f36680c13132_43476101\" class=\"button_wrap\"><a href=\"#\" class=\"cmsmasters_button\"><span>Get a quote<\/span><\/a><\/div>\n<\/div>\n<\/div>\n<\/div>\n<\/div>\n<\/div>\n<\/div>\n\n","protected":false},"excerpt":{"rendered":"","protected":false},"author":1,"featured_media":0,"parent":0,"menu_order":0,"comment_status":"closed","ping_status":"open","template":"","meta":{"_monsterinsights_skip_tracking":false,"_monsterinsights_sitenote_active":false,"_monsterinsights_sitenote_note":"","_monsterinsights_sitenote_category":0,"footnotes":""},"class_list":["post-1981","page","type-page","status-publish","hentry"],"aioseo_notices":[],"_links":{"self":[{"href":"https:\/\/olalina-trans.md\/index.php\/wp-json\/wp\/v2\/pages\/1981","targetHints":{"allow":["GET"]}}],"collection":[{"href":"https:\/\/olalina-trans.md\/index.php\/wp-json\/wp\/v2\/pages"}],"about":[{"href":"https:\/\/olalina-trans.md\/index.php\/wp-json\/wp\/v2\/types\/page"}],"author":[{"embeddable":true,"href":"https:\/\/olalina-trans.md\/index.php\/wp-json\/wp\/v2\/users\/1"}],"replies":[{"embeddable":true,"href":"https:\/\/olalina-trans.md\/index.php\/wp-json\/wp\/v2\/comments?post=1981"}],"version-history":[{"count":5,"href":"https:\/\/olalina-trans.md\/index.php\/wp-json\/wp\/v2\/pages\/1981\/revisions"}],"predecessor-version":[{"id":7713,"href":"https:\/\/olalina-trans.md\/index.php\/wp-json\/wp\/v2\/pages\/1981\/revisions\/7713"}],"wp:attachment":[{"href":"https:\/\/olalina-trans.md\/index.php\/wp-json\/wp\/v2\/media?parent=1981"}],"curies":[{"name":"wp","href":"https:\/\/api.w.org\/{rel}","templated":true}]}}