{"id":1261,"date":"2015-07-23T14:27:58","date_gmt":"2015-07-23T14:27:58","guid":{"rendered":"http:\/\/medicine-plus.cmsmasters.net\/?page_id=1261"},"modified":"2025-12-15T01:11:34","modified_gmt":"2025-12-14T22:11:34","slug":"contacte","status":"publish","type":"page","link":"https:\/\/olalina-trans.md\/index.php\/contacte\/","title":{"rendered":"Fii \u00een contact"},"content":{"rendered":"<style type=\"text\/css\"> \n#cmsmasters_row_69d4f32416e166_35630588 .cmsmasters_row_outer_parent { \n\tpadding-top: 0px; \n} \n\n#cmsmasters_row_69d4f32416e166_35630588 .cmsmasters_row_outer_parent { \n\tpadding-bottom: 0px; \n} \n\n#cmsmasters_row_69d4f32416e166_35630588 .cmsmasters_row_inner.cmsmasters_row_fullwidth { \n\tpadding-left:0%; \n} \n#cmsmasters_row_69d4f32416e166_35630588 .cmsmasters_row_inner.cmsmasters_row_fullwidth { \n\tpadding-right:0%; \n} \n \n#cmsmasters_row_69d4f324171da5_24367240 .cmsmasters_row_outer_parent { \n\tpadding-top: 70px; \n} \n\n#cmsmasters_row_69d4f324171da5_24367240 .cmsmasters_row_outer_parent { \n\tpadding-bottom: 60px; \n} \n\n \n#cmsmasters_heading_69d4f324173b23_59151880 { \n\ttext-align:left; \n\tmargin-top:0px; \n\tmargin-bottom:0px; \n} \n\n#cmsmasters_heading_69d4f324173b23_59151880 .cmsmasters_heading { \n\ttext-align:left; \n} \n\n#cmsmasters_heading_69d4f324173b23_59151880 .cmsmasters_heading, #cmsmasters_heading_69d4f324173b23_59151880 .cmsmasters_heading a { \n\tfont-family:'Roboto Condensed'; \n\tfont-size:18px; \n\tline-height:24px; \n\tfont-weight:600; \n\tfont-style:normal; \n\tcolor:#a8a8a8;\n} \n\n#cmsmasters_heading_69d4f324173b23_59151880 .cmsmasters_heading_divider { \n} \n\n \n#cmsmasters_heading_69d4f324174274_52639590 { \n\ttext-align:left; \n\tmargin-top:0px; \n\tmargin-bottom:40px; \n} \n\n#cmsmasters_heading_69d4f324174274_52639590 .cmsmasters_heading { \n\ttext-align:left; \n} \n\n#cmsmasters_heading_69d4f324174274_52639590 .cmsmasters_heading, #cmsmasters_heading_69d4f324174274_52639590 .cmsmasters_heading a { \n\tfont-size:28px; \n\tfont-weight:600; \n\tfont-style:normal; \n} \n\n#cmsmasters_heading_69d4f324174274_52639590 .cmsmasters_heading_divider { \n} \n\n \n#cmsmasters_divider_69d4f3241d9c82_12458331 { \n\tborder-bottom-width:1px; \n\tborder-bottom-style:solid; \n\tpadding-top:-35px; \n\tmargin-bottom:25px; \n} \n \n#cmsmasters_divider_69d4f3241da5f6_26506518 { \n\tborder-bottom-width:0px; \n\tborder-bottom-style:solid; \n\tpadding-top:0px; \n\tmargin-bottom:40px; \n} \n \n#cmsmasters_divider_69d4f3241dae16_09392543 { \n\tborder-bottom-width:1px; \n\tborder-bottom-style:solid; \n\tpadding-top:-35px; \n\tmargin-bottom:25px; \n} \n #cmsmasters_icon_list_items_69d4f3241db2c4_64483231 { \n\tpadding-left:40px; \n} \n\n#cmsmasters_icon_list_items_69d4f3241db2c4_64483231 .cmsmasters_icon_list_item:before { \n\tfont-size:20px; \n\tleft:-40px; \n} \n#cmsmasters_icon_list_items_69d4f3241db2c4_64483231 .cmsmasters_icon_list_item { \n\tline-height:35px; \n\tpadding:0; \n} \n\n#cmsmasters_icon_list_items_69d4f3241db2c4_64483231 .cmsmasters_icon_list_item:before { \n\tline-height:35px; \n\ttop:0; \n} \n\n.cmsmasters_icon_list_items #cmsmasters_icon_list_item_69d4f3241dc101_79168961:before { \n\tcolor:#f02830;\n} \n\n.cmsmasters_icon_list_items #cmsmasters_icon_list_item_69d4f3241dc553_84928688:before { \n\tcolor:#f02830;\n} \n\n.cmsmasters_icon_list_items #cmsmasters_icon_list_item_69d4f3241dc910_81754526:before { \n\tcolor:#f02830;\n} \n \n#cmsmasters_divider_69d4f3241dcd86_62483141 { \n\tborder-bottom-width:0px; \n\tborder-bottom-style:solid; \n\tpadding-top:0px; \n\tmargin-bottom:55px; \n} \n \n#cmsmasters_divider_69d4f3241dd574_08390719 { \n\tborder-bottom-width:1px; \n\tborder-bottom-style:solid; \n\tpadding-top:-35px; \n\tmargin-bottom:35px; \n} \n<\/style><div id=\"cmsmasters_row_69d4f32416e166_35630588\" class=\"cmsmasters_row cmsmasters_color_scheme_default cmsmasters_row_top_default cmsmasters_row_bot_default cmsmasters_row_fullwidth\">\n<div class=\"cmsmasters_row_outer_parent\">\n<div class=\"cmsmasters_row_outer\">\n<div class=\"cmsmasters_row_inner cmsmasters_row_fullwidth\">\n<div class=\"cmsmasters_row_margin\">\n<div class=\"cmsmasters_column one_first\">\n<div class=\"custom_html\">\n<iframe src=\"https:\/\/www.google.com\/maps\/embed?pb=!1m18!1m12!1m3!1d2718.6652813649375!2d28.88711517740462!3d47.04679852646529!2m3!1f0!2f0!3f0!3m2!1i1024!2i768!4f13.1!3m3!1m2!1s0x40c97d71dedbffe7%3A0xcff11ed952cc3d9f!2sOlalina%20Trans!5e0!3m2!1sen!2s!4v1755937104613!5m2!1sen!2s\" width=\"100%\" height=\"400\" style=\"border:0;\" allowfullscreen=\"\" loading=\"lazy\" referrerpolicy=\"no-referrer-when-downgrade\"><\/iframe>\n<\/div>\n<\/div>\n<\/div>\n<\/div>\n<\/div>\n<\/div>\n<\/div>\n<div id=\"cmsmasters_row_69d4f324171da5_24367240\" class=\"cmsmasters_row cmsmasters_color_scheme_default cmsmasters_row_top_default cmsmasters_row_bot_default cmsmasters_row_boxed\">\n<div class=\"cmsmasters_row_outer_parent\">\n<div class=\"cmsmasters_row_outer\">\n<div class=\"cmsmasters_row_inner\">\n<div class=\"cmsmasters_row_margin\">\n<div class=\"cmsmasters_column two_third\">\n\n<div id=\"cmsmasters_heading_69d4f324173b23_59151880\" class=\"cmsmasters_heading_wrap cmsmasters_heading_align_left\">\n\t<h3 class=\"cmsmasters_heading\">Contacte<\/h3>\n<\/div>\n<div id=\"cmsmasters_heading_69d4f324174274_52639590\" class=\"cmsmasters_heading_wrap cmsmasters_heading_align_left\">\n\t<h1 class=\"cmsmasters_heading\">SCRIE-NE AICI:<\/h1>\n<\/div>\n<div class=\"cmsmasters_contact_form\" data-animation=\"fadeIn\" data-delay=\"2\">\n<div class=\"wpcf7 no-js\" id=\"wpcf7-f7667-o1\" lang=\"en-US\" dir=\"ltr\" data-wpcf7-id=\"7667\">\n<div class=\"screen-reader-response\"><p role=\"status\" aria-live=\"polite\" aria-atomic=\"true\"><\/p> <ul><\/ul><\/div>\n<form action=\"\/index.php\/wp-json\/wp\/v2\/pages\/1261#wpcf7-f7667-o1\" method=\"post\" class=\"wpcf7-form init\" aria-label=\"Contact form\" enctype=\"multipart\/form-data\" novalidate=\"novalidate\" data-status=\"init\">\n<fieldset class=\"hidden-fields-container\"><input type=\"hidden\" name=\"_wpcf7\" value=\"7667\" \/><input type=\"hidden\" name=\"_wpcf7_version\" value=\"6.1.5\" \/><input type=\"hidden\" name=\"_wpcf7_locale\" value=\"en_US\" \/><input type=\"hidden\" name=\"_wpcf7_unit_tag\" value=\"wpcf7-f7667-o1\" \/><input type=\"hidden\" name=\"_wpcf7_container_post\" value=\"0\" \/><input type=\"hidden\" name=\"_wpcf7_posted_data_hash\" value=\"\" \/><input type=\"hidden\" name=\"_wpcf7_recaptcha_response\" value=\"\" \/>\n<\/fieldset>\n<div class=\"cmsmasters_row_margin\">\n\t<div class=\"one_half\">\n\t\t<p><span class=\"wpcf7-form-control-wrap\" data-name=\"nume-462\"><input size=\"40\" maxlength=\"400\" class=\"wpcf7-form-control wpcf7-text\" aria-invalid=\"false\" placeholder=\"Numele\" value=\"\" type=\"text\" name=\"nume-462\" \/><\/span>\n\t\t<\/p>\n\t<\/div>\n\t<div class=\"one_half\">\n\t\t<p><span class=\"wpcf7-form-control-wrap\" data-name=\"email\"><input size=\"40\" maxlength=\"400\" class=\"wpcf7-form-control wpcf7-email wpcf7-text wpcf7-validates-as-email\" aria-invalid=\"false\" placeholder=\"Email\" value=\"\" type=\"email\" name=\"email\" \/><\/span>\n\t\t<\/p>\n\t<\/div>\n<\/div>\n<div class=\"cmsmasters_row_margin\">\n\t<div class=\"one_first\">\n\t\t<p><span class=\"wpcf7-form-control-wrap\" data-name=\"tel-521\"><input size=\"40\" maxlength=\"400\" class=\"wpcf7-form-control wpcf7-tel wpcf7-text wpcf7-validates-as-tel\" aria-invalid=\"false\" placeholder=\"Telefon\" value=\"\" type=\"tel\" name=\"tel-521\" \/><\/span>\n\t\t<\/p>\n\t<\/div>\n<\/div>\n<div class=\"cmsmasters_row_margin\">\n\t<div class=\"one_first\">\n\t\t<p><span class=\"wpcf7-form-control-wrap\" data-name=\"textarea-886\"><textarea cols=\"80\" rows=\"4\" maxlength=\"2000\" class=\"wpcf7-form-control wpcf7-textarea\" aria-invalid=\"false\" placeholder=\"Mesajul t\u0103u...\" name=\"textarea-886\"><\/textarea><\/span>\n\t\t<\/p>\n\t<\/div>\n<\/div>\n<div class=\"cmsmasters_row_margin\">\n\t<div class=\"one_first\">\n\t\t<p><span class=\"wpcf7-form-control-wrap\" data-name=\"file-697\"><input size=\"40\" class=\"wpcf7-form-control wpcf7-file\" accept=\".jpg,.docx,.doc,.pdf,.xls,.xlsm,.xlsx,.png,.xlm,.jpeg,.txt,.csv,.ppt,.pptx\" aria-invalid=\"false\" type=\"file\" name=\"file-697\" \/><\/span>\n\t\t<\/p>\n\t<\/div>\n<\/div>\n<div class=\"cmsmasters_row_margin\">\n\t<div class=\"one_third\">\n\t\t<p><input type=\"hidden\" name=\"_wpcf7_captcha_challenge_captcha-118\" value=\"4139138643\" \/><img loading=\"lazy\" decoding=\"async\" class=\"wpcf7-form-control wpcf7-captchac wpcf7-captcha-captcha-118\" width=\"84\" height=\"28\" alt=\"captcha\" src=\"https:\/\/olalina-trans.md\/wp-content\/uploads\/wpcf7_captcha\/4139138643.png\" \/><span class=\"wpcf7-form-control-wrap\" data-name=\"captcha-118\"><input size=\"1\" maxlength=\"4\" class=\"wpcf7-form-control wpcf7-captchar\" autocomplete=\"off\" aria-invalid=\"false\" placeholder=\"Introdu codul de verificare\" value=\"\" type=\"text\" name=\"captcha-118\" \/><\/span>\n\t\t<\/p>\n\t<\/div>\n\t<div class=\"one_third\" style=\"margin-top:25px;\">\n\t\t<p><input class=\"wpcf7-form-control wpcf7-submit has-spinner\" type=\"submit\" value=\"verific\u0103\" \/>\n\t\t<\/p>\n\t<\/div>\n<\/div>\n<div class=\"cmsmasters_row_margin\">\n\t<div class=\"one_first\">\n\t\t<p><input class=\"wpcf7-form-control wpcf7-submit has-spinner\" type=\"submit\" value=\"Expediaz\u0103 mesajul\" \/>\n\t\t<\/p>\n\t<\/div>\n<\/div><p style=\"display: none !important;\" class=\"akismet-fields-container\" data-prefix=\"_wpcf7_ak_\"><label>&#916;<textarea name=\"_wpcf7_ak_hp_textarea\" cols=\"45\" rows=\"8\" maxlength=\"100\"><\/textarea><\/label><input type=\"hidden\" id=\"ak_js_1\" name=\"_wpcf7_ak_js\" value=\"147\"\/><script>document.getElementById( \"ak_js_1\" ).setAttribute( \"value\", ( new Date() ).getTime() );<\/script><\/p><div class=\"wpcf7-response-output\" aria-hidden=\"true\"><\/div>\n<\/form>\n<\/div>\n<\/div>\n<\/div>\n<div class=\"cmsmasters_column one_third\">\n<div class=\"cmsmasters_text\">\n<h3><span style=\"color: #ed1c24;\">CONTACTE<\/span> OLALINA-TRANS<\/h3>\n<\/div>\n\n<div id=\"cmsmasters_divider_69d4f3241d9c82_12458331\" class=\"cmsmasters_divider cmsmasters_divider_width_long cmsmasters_divider_pos_center\"><\/div>\n<div class=\"cmsmasters_text\">\n<p>Echipa Olalina-Trans se va st\u0103rui \u00een termeni c\u00e2t mai restr\u00e2n\u0219i s\u0103 v\u0103 dea \u00een cel mai apropiat timp un r\u0103spuns la cererea dvs.<\/p>\n<\/div>\n\n\n<div id=\"cmsmasters_divider_69d4f3241da5f6_26506518\" class=\"cl\"><\/div>\n<div class=\"cmsmasters_text\">\n<h3><span style=\"color: #ed1c24;\">INFORMA\u021aII<\/span>\u00a0DE CONTACT<\/h3>\n<\/div>\n\n\n<div id=\"cmsmasters_divider_69d4f3241dae16_09392543\" class=\"cmsmasters_divider cmsmasters_divider_width_long cmsmasters_divider_pos_center\"><\/div>\n \n<ul id=\"cmsmasters_icon_list_items_69d4f3241db2c4_64483231\" class=\"cmsmasters_icon_list_items cmsmasters_icon_list_type_list cmsmasters_icon_list_pos_left cmsmasters_color_type_border\"><li id=\"cmsmasters_icon_list_item_69d4f3241dc101_79168961\" class=\"cmsmasters_icon_list_item cmsmasters-icon-direction-3\">OLALINA-TRANS S.R.L. Chisinau, bd. Mircea cel B\u0103tr\u00e2n 11\/6, et. 3, of. 305<\/li><li id=\"cmsmasters_icon_list_item_69d4f3241dc553_84928688\" class=\"cmsmasters_icon_list_item cmsmasters-icon-phone-4\">+373 79 62 61 33<\/li><li id=\"cmsmasters_icon_list_item_69d4f3241dc910_81754526\" class=\"cmsmasters_icon_list_item cmsmasters-icon-envelope-letter\">olalinatrans2011@gmail.com<\/li><\/ul>\n\n<div id=\"cmsmasters_divider_69d4f3241dcd86_62483141\" class=\"cl\"><\/div>\n<div class=\"cmsmasters_text\">\n<h3><span style=\"color: #ed1c24;\">RE\u021aELE DE<\/span>\u00a0SOCIALIZARE<\/h3>\n<\/div>\n\n\n<div id=\"cmsmasters_divider_69d4f3241dd574_08390719\" class=\"cmsmasters_divider cmsmasters_divider_width_long cmsmasters_divider_pos_center\"><\/div>\n<div class=\"cmsmasters_sharing\" data-animation=\"bounceIn\" data-delay=\"0\">\n<div class=\"share_wrap\">\n<a href=\"\/\/www.facebook.com\/sharer\/sharer.php?display=popup&u=https%3A%2F%2Folalina-trans.md%2Findex.php%2Fcontacte%2F\" class=\"button cmsmasters-icon-facebook\">Facebook<\/a>\n<\/div>\n<\/div>\n<\/div>\n<\/div>\n<\/div>\n<\/div>\n<\/div>\n<\/div>\n\n","protected":false},"excerpt":{"rendered":"","protected":false},"author":1,"featured_media":0,"parent":0,"menu_order":0,"comment_status":"closed","ping_status":"open","template":"","meta":{"_monsterinsights_skip_tracking":false,"_monsterinsights_sitenote_active":false,"_monsterinsights_sitenote_note":"","_monsterinsights_sitenote_category":0,"footnotes":""},"class_list":["post-1261","page","type-page","status-publish","hentry"],"aioseo_notices":[],"_links":{"self":[{"href":"https:\/\/olalina-trans.md\/index.php\/wp-json\/wp\/v2\/pages\/1261","targetHints":{"allow":["GET"]}}],"collection":[{"href":"https:\/\/olalina-trans.md\/index.php\/wp-json\/wp\/v2\/pages"}],"about":[{"href":"https:\/\/olalina-trans.md\/index.php\/wp-json\/wp\/v2\/types\/page"}],"author":[{"embeddable":true,"href":"https:\/\/olalina-trans.md\/index.php\/wp-json\/wp\/v2\/users\/1"}],"replies":[{"embeddable":true,"href":"https:\/\/olalina-trans.md\/index.php\/wp-json\/wp\/v2\/comments?post=1261"}],"version-history":[{"count":33,"href":"https:\/\/olalina-trans.md\/index.php\/wp-json\/wp\/v2\/pages\/1261\/revisions"}],"predecessor-version":[{"id":8720,"href":"https:\/\/olalina-trans.md\/index.php\/wp-json\/wp\/v2\/pages\/1261\/revisions\/8720"}],"wp:attachment":[{"href":"https:\/\/olalina-trans.md\/index.php\/wp-json\/wp\/v2\/media?parent=1261"}],"curies":[{"name":"wp","href":"https:\/\/api.w.org\/{rel}","templated":true}]}}